{"id":1209,"date":"2024-12-08T09:06:52","date_gmt":"2024-12-08T09:06:52","guid":{"rendered":"https:\/\/objective-germain.79-139-57-126.plesk.page\/oeta-members\/"},"modified":"2024-12-29T11:05:59","modified_gmt":"2024-12-29T11:05:59","slug":"oeta-members","status":"publish","type":"page","link":"https:\/\/hotelforraszalakaros.hu\/en\/oeta-members\/","title":{"rendered":"\u00d6TA members"},"content":{"rendered":"\t\t<div data-elementor-type=\"wp-page\" data-elementor-id=\"1209\" class=\"elementor elementor-1209 elementor-136\" data-elementor-post-type=\"page\">\n\t\t\t\t<div class=\"elementor-element elementor-element-a9a366f e-flex e-con-boxed e-con e-parent\" data-id=\"a9a366f\" data-element_type=\"container\" data-e-type=\"container\">\n\t\t\t\t\t<div class=\"e-con-inner\">\n\t\t\t\t<div class=\"elementor-element elementor-element-5154555 elementor-widget elementor-widget-heading\" data-id=\"5154555\" data-element_type=\"widget\" data-e-type=\"widget\" data-widget_type=\"heading.default\">\n\t\t\t\t<div class=\"elementor-widget-container\">\n\t\t\t\t\t<h2 class=\"elementor-heading-title elementor-size-default\">\u00d6TA members<\/h2>\t\t\t\t<\/div>\n\t\t\t\t<\/div>\n\t\t\t\t<div class=\"elementor-element elementor-element-a93c33d elementor-widget elementor-widget-text-editor\" data-id=\"a93c33d\" data-element_type=\"widget\" data-e-type=\"widget\" data-widget_type=\"text-editor.default\">\n\t\t\t\t<div class=\"elementor-widget-container\">\n\t\t\t\t\t\t\t\t\t<p><strong>Dear \u00d6TA members!<\/strong><\/p><p>We look forward to welcoming <strong>you<\/strong> in our hotel this year! \u00d6TA members will continue to benefit from the discounted services of the Hotel Forr\u00e1s Zalakaros.<\/p><p>Our discounted prices:<\/p><p><strong>In a shared comfort room:<\/strong><\/p><p><strong>In pre- and post-season (I.2 &#8211; VI.30 &amp; IX.1 &#8211; XII.20.)<\/strong><br \/>For \u00d6TA members: 9.500 HUF \/ person \/ night<br \/>For relativ: 11.000 HUF \/ person \/ night<\/p><p><strong>In high season (VII.1 &#8211; VIII.31.)<\/strong><br \/>For \u00d6TA members: 10.500 HUF \/ person \/ night<br \/>For relativ: 12.500 HUF \/ person \/ night<\/p><p>Please contact one of the following contacts regarding the prices for holidays and special periods (Easter, Pentecost, Christmas, New Year&#8217;s Eve):<\/p><ul><li>+36 93 540 116<\/li><li>+36 30 414 5804<\/li><li><a href=\"mailto:info@hotelforraszalakaros.hu\">info@hotelforraszalakaros.hu<\/a><\/li><\/ul><p>\u00a0<\/p><p>The renovated superior room, superior apartment and classic apartment can be used by paying 4,000 HUF \/ person \/ night in addition to the total comfort fee for members and relatives.<\/p><p><strong>Istv\u00e1n K\u00e9ri<\/strong><\/p><ul><li>Mobil: <a href=\"tel:+36309418504\">+36 30 414 5804<\/a><\/li><li>E-mail: <a href=\"mailto:sales@hotelforraszalakaros.hu\">fom@hotelforraszalakaros.hu<\/a><\/li><\/ul><p>\u00a0<\/p><p><strong>Placement takes place in the following room type:<\/strong><\/p><ul><li>Double room with full comfort (with bathroom, television, refrigerator)<\/li><\/ul><p>\u00a0<\/p><p>During the high season, a single bed supplement is payable (50%) if one person is accommodated in our fully comfortable rooms.<\/p><p>Our hotel meals include a 10% service charge.<\/p><p><strong>The following are considered relatives of an \u00d6TA member<\/strong>: spouse, partner, parent, grandparent, child, grandchild.<\/p><p>For booking a room <strong>no admission is required<\/strong>.<\/p><p>Your application can be made by phone (<a href=\"tel:0693540116\">93 540 116<\/a>), or by email <a href=\"mailto:info@hotelforraszalakaros.hu\">(info@hotelforraszalakaros.hu<\/a>), or by mail to H-8749 Zalakaros, Term\u00e1l street. 6.<\/p><p><strong>For money transfers please use the following bank account<\/strong>: Erste Bank 11600006-00000000-76085655.<br \/><strong>SZ\u00c9P cards<\/strong> are also welcome.<\/p>\t\t\t\t\t\t\t\t<\/div>\n\t\t\t\t<\/div>\n\t\t\t\t<div class=\"elementor-element elementor-element-c5f8dac elementor-widget elementor-widget-spacer\" data-id=\"c5f8dac\" data-element_type=\"widget\" data-e-type=\"widget\" data-widget_type=\"spacer.default\">\n\t\t\t\t<div class=\"elementor-widget-container\">\n\t\t\t\t\t\t\t<div class=\"elementor-spacer\">\n\t\t\t<div class=\"elementor-spacer-inner\"><\/div>\n\t\t<\/div>\n\t\t\t\t\t\t<\/div>\n\t\t\t\t<\/div>\n\t\t\t\t<div class=\"elementor-element elementor-element-f234daf elementor-widget elementor-widget-image\" data-id=\"f234daf\" data-element_type=\"widget\" data-e-type=\"widget\" data-widget_type=\"image.default\">\n\t\t\t\t<div class=\"elementor-widget-container\">\n\t\t\t\t\t\t\t\t\t\t\t\t\t\t\t<img fetchpriority=\"high\" decoding=\"async\" width=\"1688\" height=\"418\" src=\"https:\/\/hotelforraszalakaros.hu\/wp-content\/uploads\/2024\/12\/WAVE_GOLD.png\" class=\"attachment-full size-full wp-image-891\" alt=\"\" srcset=\"https:\/\/hotelforraszalakaros.hu\/wp-content\/uploads\/2024\/12\/WAVE_GOLD.png 1688w, https:\/\/hotelforraszalakaros.hu\/wp-content\/uploads\/2024\/12\/WAVE_GOLD-300x74.png 300w, https:\/\/hotelforraszalakaros.hu\/wp-content\/uploads\/2024\/12\/WAVE_GOLD-1024x254.png 1024w, https:\/\/hotelforraszalakaros.hu\/wp-content\/uploads\/2024\/12\/WAVE_GOLD-768x190.png 768w, https:\/\/hotelforraszalakaros.hu\/wp-content\/uploads\/2024\/12\/WAVE_GOLD-1536x380.png 1536w\" sizes=\"(max-width: 1688px) 100vw, 1688px\" \/>\t\t\t\t\t\t\t\t\t\t\t\t\t\t\t<\/div>\n\t\t\t\t<\/div>\n\t\t\t\t<div class=\"elementor-element elementor-element-c8495c8 elementor-widget elementor-widget-spacer\" data-id=\"c8495c8\" data-element_type=\"widget\" data-e-type=\"widget\" data-widget_type=\"spacer.default\">\n\t\t\t\t<div class=\"elementor-widget-container\">\n\t\t\t\t\t\t\t<div class=\"elementor-spacer\">\n\t\t\t<div class=\"elementor-spacer-inner\"><\/div>\n\t\t<\/div>\n\t\t\t\t\t\t<\/div>\n\t\t\t\t<\/div>\n\t\t\t\t<div class=\"elementor-element elementor-element-0d43ef0 elementor-widget elementor-widget-text-editor\" data-id=\"0d43ef0\" data-element_type=\"widget\" data-e-type=\"widget\" data-widget_type=\"text-editor.default\">\n\t\t\t\t<div class=\"elementor-widget-container\">\n\t\t\t\t\t\t\t\t\t<p>Therapeutic treatments will take place in the neighbouring Gr\u00e1nit Spa (30 m). Thise requirs members and their relatives to have a presrciption for treatments and spa tickets from their rheumatologist at home. Guests receiving a referral from their GP (family doctor) must make sure that the admission is issued for the rheumatological special treatments of Granit medical spa. In this case the treatments will be determined according to your personal needs by the medical specialist of the spa.   <\/p>\n<ul>\n<li>The schedule of your treatments will be set by the dispatcher of Granit medical spa based on the recommendations of the medical consultant of the spa.<\/li>\n<li>For medical treatments supported by OEP (National Health Insurance Fund) and for the spa tickets an additional fee must be paid. (according to the current price list of the spa). <\/li>\n<\/ul>\n\t\t\t\t\t\t\t\t<\/div>\n\t\t\t\t<\/div>\n\t\t\t\t<div class=\"elementor-element elementor-element-d17a417 elementor-widget elementor-widget-spacer\" data-id=\"d17a417\" data-element_type=\"widget\" data-e-type=\"widget\" data-widget_type=\"spacer.default\">\n\t\t\t\t<div class=\"elementor-widget-container\">\n\t\t\t\t\t\t\t<div class=\"elementor-spacer\">\n\t\t\t<div class=\"elementor-spacer-inner\"><\/div>\n\t\t<\/div>\n\t\t\t\t\t\t<\/div>\n\t\t\t\t<\/div>\n\t\t\t\t<div class=\"elementor-element elementor-element-7d2a1fb elementor-widget elementor-widget-image\" data-id=\"7d2a1fb\" data-element_type=\"widget\" data-e-type=\"widget\" data-widget_type=\"image.default\">\n\t\t\t\t<div class=\"elementor-widget-container\">\n\t\t\t\t\t\t\t\t\t\t\t\t\t\t\t<img fetchpriority=\"high\" decoding=\"async\" width=\"1688\" height=\"418\" src=\"https:\/\/hotelforraszalakaros.hu\/wp-content\/uploads\/2024\/12\/WAVE_GOLD.png\" class=\"attachment-full size-full wp-image-891\" alt=\"\" srcset=\"https:\/\/hotelforraszalakaros.hu\/wp-content\/uploads\/2024\/12\/WAVE_GOLD.png 1688w, https:\/\/hotelforraszalakaros.hu\/wp-content\/uploads\/2024\/12\/WAVE_GOLD-300x74.png 300w, https:\/\/hotelforraszalakaros.hu\/wp-content\/uploads\/2024\/12\/WAVE_GOLD-1024x254.png 1024w, https:\/\/hotelforraszalakaros.hu\/wp-content\/uploads\/2024\/12\/WAVE_GOLD-768x190.png 768w, https:\/\/hotelforraszalakaros.hu\/wp-content\/uploads\/2024\/12\/WAVE_GOLD-1536x380.png 1536w\" sizes=\"(max-width: 1688px) 100vw, 1688px\" \/>\t\t\t\t\t\t\t\t\t\t\t\t\t\t\t<\/div>\n\t\t\t\t<\/div>\n\t\t\t\t<div class=\"elementor-element elementor-element-2a745d8 elementor-widget elementor-widget-spacer\" data-id=\"2a745d8\" data-element_type=\"widget\" data-e-type=\"widget\" data-widget_type=\"spacer.default\">\n\t\t\t\t<div class=\"elementor-widget-container\">\n\t\t\t\t\t\t\t<div class=\"elementor-spacer\">\n\t\t\t<div class=\"elementor-spacer-inner\"><\/div>\n\t\t<\/div>\n\t\t\t\t\t\t<\/div>\n\t\t\t\t<\/div>\n\t\t\t\t<div class=\"elementor-element elementor-element-6d522fc elementor-widget elementor-widget-text-editor\" data-id=\"6d522fc\" data-element_type=\"widget\" data-e-type=\"widget\" data-widget_type=\"text-editor.default\">\n\t\t\t\t<div class=\"elementor-widget-container\">\n\t\t\t\t\t\t\t\t\t<div class=\"container\"><p><strong>Massage:<\/strong> 25 min. 990 HUF \/ person \/ occasion.<\/p><p><strong>Free parking.<\/strong><\/p><p>Please indicate the reception upon arrival if you would like to have regular menu meals for an additional fee of: <br \/>1 500 HUF \/ person \/ menu.<\/p><p>We provide our members with a subsidy of up to 4 000 HUF once a year, for a stay of at least 7 days at Hotel Forr\u00e1s***, for the payment of medical treatments at the Zalakaros Spa.<\/p><p>The consent can be requested at the reception of Hotel Forr\u00e1s***<\/p><p>In order to make the payment, it is necessary to submit a personal invoice issued for the medical treatments used in the Spa.<br \/>The amount of the subsidy is the amount of the invoice, but no more than 4 000 HUF.<\/p><p>We look forward to assist you with any further questions.<\/p><\/div>\t\t\t\t\t\t\t\t<\/div>\n\t\t\t\t<\/div>\n\t\t\t\t\t<\/div>\n\t\t\t\t<\/div>\n\t\t\t\t<\/div>\n\t\t","protected":false},"excerpt":{"rendered":"<p>\u00d6TA members Dear \u00d6TA members! We look forward to welcoming you in our hotel this year! \u00d6TA members will continue to benefit from the discounted services of the Hotel Forr\u00e1s Zalakaros. Our discounted prices: In a shared comfort room: In pre- and post-season (I.2 &#8211; VI.30 &amp; IX.1 &#8211; XII.20.)For \u00d6TA members: 9.500 HUF \/ [&hellip;]<\/p>\n","protected":false},"author":1,"featured_media":0,"parent":0,"menu_order":0,"comment_status":"closed","ping_status":"closed","template":"elementor_header_footer","meta":{"inline_featured_image":false,"footnotes":""},"class_list":["post-1209","page","type-page","status-publish","hentry"],"_links":{"self":[{"href":"https:\/\/hotelforraszalakaros.hu\/en\/wp-json\/wp\/v2\/pages\/1209","targetHints":{"allow":["GET"]}}],"collection":[{"href":"https:\/\/hotelforraszalakaros.hu\/en\/wp-json\/wp\/v2\/pages"}],"about":[{"href":"https:\/\/hotelforraszalakaros.hu\/en\/wp-json\/wp\/v2\/types\/page"}],"author":[{"embeddable":true,"href":"https:\/\/hotelforraszalakaros.hu\/en\/wp-json\/wp\/v2\/users\/1"}],"replies":[{"embeddable":true,"href":"https:\/\/hotelforraszalakaros.hu\/en\/wp-json\/wp\/v2\/comments?post=1209"}],"version-history":[{"count":4,"href":"https:\/\/hotelforraszalakaros.hu\/en\/wp-json\/wp\/v2\/pages\/1209\/revisions"}],"predecessor-version":[{"id":1215,"href":"https:\/\/hotelforraszalakaros.hu\/en\/wp-json\/wp\/v2\/pages\/1209\/revisions\/1215"}],"wp:attachment":[{"href":"https:\/\/hotelforraszalakaros.hu\/en\/wp-json\/wp\/v2\/media?parent=1209"}],"curies":[{"name":"wp","href":"https:\/\/api.w.org\/{rel}","templated":true}]}}