{"id":1185,"date":"2024-12-07T09:09:37","date_gmt":"2024-12-07T09:09:37","guid":{"rendered":"https:\/\/objective-germain.79-139-57-126.plesk.page\/contact\/"},"modified":"2024-12-28T18:27:26","modified_gmt":"2024-12-28T18:27:26","slug":"contact","status":"publish","type":"page","link":"https:\/\/hotelforraszalakaros.hu\/en\/contact\/","title":{"rendered":"Contact"},"content":{"rendered":"\t\t<div data-elementor-type=\"wp-page\" data-elementor-id=\"1185\" class=\"elementor elementor-1185 elementor-36\" data-elementor-post-type=\"page\">\n\t\t\t\t<div class=\"elementor-element elementor-element-5dc09ab e-flex e-con-boxed e-con e-parent\" data-id=\"5dc09ab\" data-element_type=\"container\" data-e-type=\"container\">\n\t\t\t\t\t<div class=\"e-con-inner\">\n\t\t\t\t<div class=\"elementor-element elementor-element-6d69ef8 elementor-widget elementor-widget-spacer\" data-id=\"6d69ef8\" data-element_type=\"widget\" data-e-type=\"widget\" data-widget_type=\"spacer.default\">\n\t\t\t\t<div class=\"elementor-widget-container\">\n\t\t\t\t\t\t\t<div class=\"elementor-spacer\">\n\t\t\t<div class=\"elementor-spacer-inner\"><\/div>\n\t\t<\/div>\n\t\t\t\t\t\t<\/div>\n\t\t\t\t<\/div>\n\t\t\t\t<div class=\"elementor-element elementor-element-de82c9e elementor-widget elementor-widget-heading\" data-id=\"de82c9e\" data-element_type=\"widget\" data-e-type=\"widget\" data-widget_type=\"heading.default\">\n\t\t\t\t<div class=\"elementor-widget-container\">\n\t\t\t\t\t<h2 class=\"elementor-heading-title elementor-size-default\">Contact information<\/h2>\t\t\t\t<\/div>\n\t\t\t\t<\/div>\n\t\t\t\t<div class=\"elementor-element elementor-element-bb3e52b elementor-widget elementor-widget-spacer\" data-id=\"bb3e52b\" data-element_type=\"widget\" data-e-type=\"widget\" data-widget_type=\"spacer.default\">\n\t\t\t\t<div class=\"elementor-widget-container\">\n\t\t\t\t\t\t\t<div class=\"elementor-spacer\">\n\t\t\t<div class=\"elementor-spacer-inner\"><\/div>\n\t\t<\/div>\n\t\t\t\t\t\t<\/div>\n\t\t\t\t<\/div>\n\t\t\t\t\t<\/div>\n\t\t\t\t<\/div>\n\t\t<div class=\"elementor-element elementor-element-0269ef0 e-flex e-con-boxed e-con e-parent\" data-id=\"0269ef0\" data-element_type=\"container\" data-e-type=\"container\">\n\t\t\t\t\t<div class=\"e-con-inner\">\n\t\t<div class=\"elementor-element elementor-element-a69fe46 e-con-full e-flex e-con e-child\" data-id=\"a69fe46\" data-element_type=\"container\" data-e-type=\"container\">\n\t\t\t\t<div class=\"elementor-element elementor-element-1c975db elementor-view-default elementor-widget elementor-widget-icon\" data-id=\"1c975db\" data-element_type=\"widget\" data-e-type=\"widget\" data-widget_type=\"icon.default\">\n\t\t\t\t<div class=\"elementor-widget-container\">\n\t\t\t\t\t\t\t<div class=\"elementor-icon-wrapper\">\n\t\t\t<div class=\"elementor-icon\">\n\t\t\t<svg aria-hidden=\"true\" class=\"e-font-icon-svg e-fas-map-marker-alt\" viewBox=\"0 0 384 512\" xmlns=\"http:\/\/www.w3.org\/2000\/svg\"><path d=\"M172.268 501.67C26.97 291.031 0 269.413 0 192 0 85.961 85.961 0 192 0s192 85.961 192 192c0 77.413-26.97 99.031-172.268 309.67-9.535 13.774-29.93 13.773-39.464 0zM192 272c44.183 0 80-35.817 80-80s-35.817-80-80-80-80 35.817-80 80 35.817 80 80 80z\"><\/path><\/svg>\t\t\t<\/div>\n\t\t<\/div>\n\t\t\t\t\t\t<\/div>\n\t\t\t\t<\/div>\n\t\t\t\t<div class=\"elementor-element elementor-element-1154afc elementor-widget elementor-widget-text-editor\" data-id=\"1154afc\" data-element_type=\"widget\" data-e-type=\"widget\" data-widget_type=\"text-editor.default\">\n\t\t\t\t<div class=\"elementor-widget-container\">\n\t\t\t\t\t\t\t\t\tH-8749 Zalakaros, Term\u00e1l u. 6. 46.5453099,17.1214406,16  \t\t\t\t\t\t\t\t<\/div>\n\t\t\t\t<\/div>\n\t\t\t\t<\/div>\n\t\t<div class=\"elementor-element elementor-element-d4f328e e-con-full e-flex e-con e-child\" data-id=\"d4f328e\" data-element_type=\"container\" data-e-type=\"container\">\n\t\t\t\t<div class=\"elementor-element elementor-element-b1523df elementor-view-default elementor-widget elementor-widget-icon\" data-id=\"b1523df\" data-element_type=\"widget\" data-e-type=\"widget\" data-widget_type=\"icon.default\">\n\t\t\t\t<div class=\"elementor-widget-container\">\n\t\t\t\t\t\t\t<div class=\"elementor-icon-wrapper\">\n\t\t\t<div class=\"elementor-icon\">\n\t\t\t<svg aria-hidden=\"true\" class=\"e-font-icon-svg e-fas-phone-alt\" viewBox=\"0 0 512 512\" xmlns=\"http:\/\/www.w3.org\/2000\/svg\"><path d=\"M497.39 361.8l-112-48a24 24 0 0 0-28 6.9l-49.6 60.6A370.66 370.66 0 0 1 130.6 204.11l60.6-49.6a23.94 23.94 0 0 0 6.9-28l-48-112A24.16 24.16 0 0 0 122.6.61l-104 24A24 24 0 0 0 0 48c0 256.5 207.9 464 464 464a24 24 0 0 0 23.4-18.6l24-104a24.29 24.29 0 0 0-14.01-27.6z\"><\/path><\/svg>\t\t\t<\/div>\n\t\t<\/div>\n\t\t\t\t\t\t<\/div>\n\t\t\t\t<\/div>\n\t\t\t\t<div class=\"elementor-element elementor-element-3acee51 elementor-widget elementor-widget-text-editor\" data-id=\"3acee51\" data-element_type=\"widget\" data-e-type=\"widget\" data-widget_type=\"text-editor.default\">\n\t\t\t\t<div class=\"elementor-widget-container\">\n\t\t\t\t\t\t\t\t\t<p><span style=\"color: #000000;\"><a style=\"color: #000000;\" href=\"tel:+36304145804\">+36 30 414 5804<\/a><\/span><br \/><span style=\"color: #000000;\"><a class=\"svg--fax\" style=\"color: #000000;\" href=\"tel:+36%2093%20540%20116\">+36 93 540 116<\/a><\/span><\/p>\n\t\t\t\t\t\t\t\t<\/div>\n\t\t\t\t<\/div>\n\t\t\t\t<\/div>\n\t\t<div class=\"elementor-element elementor-element-532d844 e-con-full e-flex e-con e-child\" data-id=\"532d844\" data-element_type=\"container\" data-e-type=\"container\">\n\t\t\t\t<div class=\"elementor-element elementor-element-596d06f elementor-view-default elementor-widget elementor-widget-icon\" data-id=\"596d06f\" data-element_type=\"widget\" data-e-type=\"widget\" data-widget_type=\"icon.default\">\n\t\t\t\t<div class=\"elementor-widget-container\">\n\t\t\t\t\t\t\t<div class=\"elementor-icon-wrapper\">\n\t\t\t<div class=\"elementor-icon\">\n\t\t\t<svg aria-hidden=\"true\" class=\"e-font-icon-svg e-fas-mail-bulk\" viewBox=\"0 0 576 512\" xmlns=\"http:\/\/www.w3.org\/2000\/svg\"><path d=\"M160 448c-25.6 0-51.2-22.4-64-32-64-44.8-83.2-60.8-96-70.4V480c0 17.67 14.33 32 32 32h256c17.67 0 32-14.33 32-32V345.6c-12.8 9.6-32 25.6-96 70.4-12.8 9.6-38.4 32-64 32zm128-192H32c-17.67 0-32 14.33-32 32v16c25.6 19.2 22.4 19.2 115.2 86.4 9.6 6.4 28.8 25.6 44.8 25.6s35.2-19.2 44.8-22.4c92.8-67.2 89.6-67.2 115.2-86.4V288c0-17.67-14.33-32-32-32zm256-96H224c-17.67 0-32 14.33-32 32v32h96c33.21 0 60.59 25.42 63.71 57.82l.29-.22V416h192c17.67 0 32-14.33 32-32V192c0-17.67-14.33-32-32-32zm-32 128h-64v-64h64v64zm-352-96c0-35.29 28.71-64 64-64h224V32c0-17.67-14.33-32-32-32H96C78.33 0 64 14.33 64 32v192h96v-32z\"><\/path><\/svg>\t\t\t<\/div>\n\t\t<\/div>\n\t\t\t\t\t\t<\/div>\n\t\t\t\t<\/div>\n\t\t\t\t<div class=\"elementor-element elementor-element-316009c elementor-widget elementor-widget-text-editor\" data-id=\"316009c\" data-element_type=\"widget\" data-e-type=\"widget\" data-widget_type=\"text-editor.default\">\n\t\t\t\t<div class=\"elementor-widget-container\">\n\t\t\t\t\t\t\t\t\t<p><span style=\"color: #000000;\"><a style=\"color: #000000;\" href=\"mailto:info@hotelforraszalakaros.hu\">info@hotelforraszalakaros.hu<\/a><\/span><br \/><span style=\"color: #000000;\"><a style=\"color: #000000;\" href=\"mailto:igazgato@hotelforraszalakaros.hu\">igazgato@hotelforraszalakaros.hu<\/a><\/span><\/p>\n\t\t\t\t\t\t\t\t<\/div>\n\t\t\t\t<\/div>\n\t\t\t\t<\/div>\n\t\t\t\t\t<\/div>\n\t\t\t\t<\/div>\n\t\t<div class=\"elementor-element elementor-element-d58c206 e-flex e-con-boxed e-con e-parent\" data-id=\"d58c206\" data-element_type=\"container\" data-e-type=\"container\">\n\t\t\t\t\t<div class=\"e-con-inner\">\n\t\t\t\t<div class=\"elementor-element elementor-element-da7f505 elementor-widget elementor-widget-spacer\" data-id=\"da7f505\" data-element_type=\"widget\" data-e-type=\"widget\" data-widget_type=\"spacer.default\">\n\t\t\t\t<div class=\"elementor-widget-container\">\n\t\t\t\t\t\t\t<div class=\"elementor-spacer\">\n\t\t\t<div class=\"elementor-spacer-inner\"><\/div>\n\t\t<\/div>\n\t\t\t\t\t\t<\/div>\n\t\t\t\t<\/div>\n\t\t\t\t<div class=\"elementor-element elementor-element-25ac2cc elementor-widget elementor-widget-image\" data-id=\"25ac2cc\" data-element_type=\"widget\" data-e-type=\"widget\" data-widget_type=\"image.default\">\n\t\t\t\t<div class=\"elementor-widget-container\">\n\t\t\t\t\t\t\t\t\t\t\t\t\t\t\t<img fetchpriority=\"high\" decoding=\"async\" width=\"1688\" height=\"418\" src=\"https:\/\/hotelforraszalakaros.hu\/wp-content\/uploads\/2024\/12\/WAVE_GOLD.png\" class=\"attachment-full size-full wp-image-891\" alt=\"\" srcset=\"https:\/\/hotelforraszalakaros.hu\/wp-content\/uploads\/2024\/12\/WAVE_GOLD.png 1688w, https:\/\/hotelforraszalakaros.hu\/wp-content\/uploads\/2024\/12\/WAVE_GOLD-300x74.png 300w, https:\/\/hotelforraszalakaros.hu\/wp-content\/uploads\/2024\/12\/WAVE_GOLD-1024x254.png 1024w, https:\/\/hotelforraszalakaros.hu\/wp-content\/uploads\/2024\/12\/WAVE_GOLD-768x190.png 768w, https:\/\/hotelforraszalakaros.hu\/wp-content\/uploads\/2024\/12\/WAVE_GOLD-1536x380.png 1536w\" sizes=\"(max-width: 1688px) 100vw, 1688px\" \/>\t\t\t\t\t\t\t\t\t\t\t\t\t\t\t<\/div>\n\t\t\t\t<\/div>\n\t\t\t\t<div class=\"elementor-element elementor-element-f4507d9 elementor-widget elementor-widget-spacer\" data-id=\"f4507d9\" data-element_type=\"widget\" data-e-type=\"widget\" data-widget_type=\"spacer.default\">\n\t\t\t\t<div class=\"elementor-widget-container\">\n\t\t\t\t\t\t\t<div class=\"elementor-spacer\">\n\t\t\t<div class=\"elementor-spacer-inner\"><\/div>\n\t\t<\/div>\n\t\t\t\t\t\t<\/div>\n\t\t\t\t<\/div>\n\t\t\t\t\t<\/div>\n\t\t\t\t<\/div>\n\t\t<div class=\"elementor-element elementor-element-858a9c2 e-flex e-con-boxed e-con e-parent\" data-id=\"858a9c2\" data-element_type=\"container\" data-e-type=\"container\">\n\t\t\t\t\t<div class=\"e-con-inner\">\n\t\t\t\t<div class=\"elementor-element elementor-element-df97d86 elementor-widget elementor-widget-heading\" data-id=\"df97d86\" data-element_type=\"widget\" data-e-type=\"widget\" data-widget_type=\"heading.default\">\n\t\t\t\t<div class=\"elementor-widget-container\">\n\t\t\t\t\t<h2 class=\"elementor-heading-title elementor-size-default\">General information<\/h2>\t\t\t\t<\/div>\n\t\t\t\t<\/div>\n\t\t\t\t<div class=\"elementor-element elementor-element-8d13b81 elementor-widget elementor-widget-text-editor\" data-id=\"8d13b81\" data-element_type=\"widget\" data-e-type=\"widget\" data-widget_type=\"text-editor.default\">\n\t\t\t\t<div class=\"elementor-widget-container\">\n\t\t\t\t\t\t\t\t\t<p>Hotel Forr\u00e1s *** Zalakaros<\/p>\n<p>Billing name: Vasutas \u00d6nk\u00e9ntes T\u00e1mogat\u00e1si Alap Egyes\u00fclet<\/p>\n<p>Billing address: 1145 Budapest Amerikai \u00fat 42.<\/p>\n<p>Mailing address: 8749 Zalakaros Term\u00e1l u. 6<\/p>\n<p>Tax number: 19653613-2-42<\/p>\n<p>Registration number: 01-02 \u20130003265<\/p>\n<p>Bank: Erste Bank<\/p>\n<p>Bank account number: 11600006-00000000-76085655<\/p>\n<p>IBAN: HU92 11600006-00000000-76085655<\/p>\n<p>Swift: GIBAHUHB<\/p>\n\t\t\t\t\t\t\t\t<\/div>\n\t\t\t\t<\/div>\n\t\t\t\t<div class=\"elementor-element elementor-element-3b6e7cd elementor-widget elementor-widget-heading\" data-id=\"3b6e7cd\" data-element_type=\"widget\" data-e-type=\"widget\" data-widget_type=\"heading.default\">\n\t\t\t\t<div class=\"elementor-widget-container\">\n\t\t\t\t\t<h2 class=\"elementor-heading-title elementor-size-default\">How to reach us<\/h2>\t\t\t\t<\/div>\n\t\t\t\t<\/div>\n\t\t\t\t<div class=\"elementor-element elementor-element-fd5d5c7 elementor-widget elementor-widget-text-editor\" data-id=\"fd5d5c7\" data-element_type=\"widget\" data-e-type=\"widget\" data-widget_type=\"text-editor.default\">\n\t\t\t\t<div class=\"elementor-widget-container\">\n\t\t\t\t\t\t\t\t\t<p><strong><span style=\"text-decoration: underline;\">By Car<\/span><\/strong><br \/>From Budapest: follow motorway M7 to Route 7., take the exit 191 from M7 and continue on Route 7.<\/p>\n<p><strong><span style=\"text-decoration: underline;\">By Train<\/span><\/strong><br \/>From Nagykanizsa train station take the transfer bus.<\/p>\n<p>Train timetables are available at <a href=\"http:\/\/www.elvira.hu\/\" target=\"_blank\" rel=\"noopener\">www.elvira.hu.<\/a><\/p>\n<p><strong><span style=\"text-decoration: underline;\">By Bus<\/span><\/strong><br \/>There are direct bus connections from Budapest to Zalakaros.<\/p>\n<p>Public bus timetables are available at <a href=\"http:\/\/www.volanbusz.hu\/\" target=\"_blank\" rel=\"noopener\">www.volanbusz.hu.<\/a><\/p>\n\t\t\t\t\t\t\t\t<\/div>\n\t\t\t\t<\/div>\n\t\t\t\t\t<\/div>\n\t\t\t\t<\/div>\n\t\t\t\t<\/div>\n\t\t","protected":false},"excerpt":{"rendered":"<p>Contact information H-8749 Zalakaros, Term\u00e1l u. 6. 46.5453099,17.1214406,16 +36 30 414 5804+36 93 540 116 info@hotelforraszalakaros.huigazgato@hotelforraszalakaros.hu General information Hotel Forr\u00e1s *** Zalakaros Billing name: Vasutas \u00d6nk\u00e9ntes T\u00e1mogat\u00e1si Alap Egyes\u00fclet Billing address: 1145 Budapest Amerikai \u00fat 42. Mailing address: 8749 Zalakaros Term\u00e1l u. 6 Tax number: 19653613-2-42 Registration number: 01-02 \u20130003265 Bank: Erste Bank Bank account [&hellip;]<\/p>\n","protected":false},"author":1,"featured_media":0,"parent":0,"menu_order":0,"comment_status":"closed","ping_status":"closed","template":"elementor_header_footer","meta":{"inline_featured_image":false,"footnotes":""},"class_list":["post-1185","page","type-page","status-publish","hentry"],"_links":{"self":[{"href":"https:\/\/hotelforraszalakaros.hu\/en\/wp-json\/wp\/v2\/pages\/1185","targetHints":{"allow":["GET"]}}],"collection":[{"href":"https:\/\/hotelforraszalakaros.hu\/en\/wp-json\/wp\/v2\/pages"}],"about":[{"href":"https:\/\/hotelforraszalakaros.hu\/en\/wp-json\/wp\/v2\/types\/page"}],"author":[{"embeddable":true,"href":"https:\/\/hotelforraszalakaros.hu\/en\/wp-json\/wp\/v2\/users\/1"}],"replies":[{"embeddable":true,"href":"https:\/\/hotelforraszalakaros.hu\/en\/wp-json\/wp\/v2\/comments?post=1185"}],"version-history":[{"count":1,"href":"https:\/\/hotelforraszalakaros.hu\/en\/wp-json\/wp\/v2\/pages\/1185\/revisions"}],"predecessor-version":[{"id":1186,"href":"https:\/\/hotelforraszalakaros.hu\/en\/wp-json\/wp\/v2\/pages\/1185\/revisions\/1186"}],"wp:attachment":[{"href":"https:\/\/hotelforraszalakaros.hu\/en\/wp-json\/wp\/v2\/media?parent=1185"}],"curies":[{"name":"wp","href":"https:\/\/api.w.org\/{rel}","templated":true}]}}