{"id":1130,"date":"2024-12-07T09:13:39","date_gmt":"2024-12-07T09:13:39","guid":{"rendered":"https:\/\/objective-germain.79-139-57-126.plesk.page\/offers\/"},"modified":"2026-03-24T12:31:52","modified_gmt":"2026-03-24T12:31:52","slug":"offers","status":"publish","type":"page","link":"https:\/\/hotelforraszalakaros.hu\/en\/offers\/","title":{"rendered":"Offers"},"content":{"rendered":"\t\t<div data-elementor-type=\"wp-page\" data-elementor-id=\"1130\" class=\"elementor elementor-1130 elementor-26\" data-elementor-post-type=\"page\">\n\t\t\t\t<div class=\"elementor-element elementor-element-4b6ce41 e-flex e-con-boxed e-con e-parent\" data-id=\"4b6ce41\" data-element_type=\"container\" data-e-type=\"container\">\n\t\t\t\t\t<div class=\"e-con-inner\">\n\t\t\t\t<div class=\"elementor-element elementor-element-3a5e9c8 elementor-widget elementor-widget-spacer\" data-id=\"3a5e9c8\" data-element_type=\"widget\" data-e-type=\"widget\" data-widget_type=\"spacer.default\">\n\t\t\t\t<div class=\"elementor-widget-container\">\n\t\t\t\t\t\t\t<div class=\"elementor-spacer\">\n\t\t\t<div class=\"elementor-spacer-inner\"><\/div>\n\t\t<\/div>\n\t\t\t\t\t\t<\/div>\n\t\t\t\t<\/div>\n\t\t\t\t<div class=\"elementor-element elementor-element-c77f7fc elementor-widget elementor-widget-heading\" data-id=\"c77f7fc\" data-element_type=\"widget\" data-e-type=\"widget\" data-widget_type=\"heading.default\">\n\t\t\t\t<div class=\"elementor-widget-container\">\n\t\t\t\t\t<h2 class=\"elementor-heading-title elementor-size-default\">Discounted offers<\/h2>\t\t\t\t<\/div>\n\t\t\t\t<\/div>\n\t\t\t\t<div class=\"elementor-element elementor-element-a8f5181 elementor-widget elementor-widget-spacer\" data-id=\"a8f5181\" data-element_type=\"widget\" data-e-type=\"widget\" data-widget_type=\"spacer.default\">\n\t\t\t\t<div class=\"elementor-widget-container\">\n\t\t\t\t\t\t\t<div class=\"elementor-spacer\">\n\t\t\t<div class=\"elementor-spacer-inner\"><\/div>\n\t\t<\/div>\n\t\t\t\t\t\t<\/div>\n\t\t\t\t<\/div>\n\t\t\t\t\t<\/div>\n\t\t\t\t<\/div>\n\t\t<div class=\"elementor-element elementor-element-a11d005 e-flex e-con-boxed e-con e-parent\" data-id=\"a11d005\" data-element_type=\"container\" data-e-type=\"container\">\n\t\t\t\t\t<div class=\"e-con-inner\">\n\t\t\t\t<div class=\"elementor-element elementor-element-6d1e5a0 e-n-tabs-mobile elementor-widget elementor-widget-n-tabs\" data-id=\"6d1e5a0\" data-element_type=\"widget\" data-e-type=\"widget\" data-settings=\"{&quot;horizontal_scroll&quot;:&quot;disable&quot;}\" data-widget_type=\"nested-tabs.default\">\n\t\t\t\t<div class=\"elementor-widget-container\">\n\t\t\t\t\t\t\t<div class=\"e-n-tabs\" data-widget-number=\"114419104\" aria-label=\"Tabs. Open items with Enter or Space, close with Escape and navigate using the Arrow keys.\">\n\t\t\t<div class=\"e-n-tabs-heading\" role=\"tablist\">\n\t\t\t\t\t<button id=\"e-n-tab-title-1144191041\" data-tab-title-id=\"e-n-tab-title-1144191041\" class=\"e-n-tab-title\" aria-selected=\"true\" data-tab-index=\"1\" role=\"tab\" tabindex=\"0\" aria-controls=\"e-n-tab-content-1144191041\" style=\"--n-tabs-title-order: 1;\">\n\t\t\t\t\t\t<span class=\"e-n-tab-title-text\">\n\t\t\t\tPackage offers\t\t\t<\/span>\n\t\t<\/button>\n\t\t\t\t<button id=\"e-n-tab-title-1144191042\" data-tab-title-id=\"e-n-tab-title-1144191042\" class=\"e-n-tab-title\" aria-selected=\"false\" data-tab-index=\"2\" role=\"tab\" tabindex=\"-1\" aria-controls=\"e-n-tab-content-1144191042\" style=\"--n-tabs-title-order: 2;\">\n\t\t\t\t\t\t<span class=\"e-n-tab-title-text\">\n\t\t\t\tPackage offers with spa entrance\t\t\t<\/span>\n\t\t<\/button>\n\t\t\t\t\t<\/div>\n\t\t\t<div class=\"e-n-tabs-content\">\n\t\t\t\t<div id=\"e-n-tab-content-1144191041\" role=\"tabpanel\" aria-labelledby=\"e-n-tab-title-1144191041\" data-tab-index=\"1\" style=\"--n-tabs-title-order: 1;\" class=\"e-active elementor-element elementor-element-866fdf9 e-con-full e-flex e-con e-child\" data-id=\"866fdf9\" data-element_type=\"container\" data-e-type=\"container\">\n\t\t\t\t<div class=\"elementor-element elementor-element-28de2da elementor-posts--align-center elementor-grid-3 elementor-grid-tablet-2 elementor-grid-mobile-1 elementor-posts--thumbnail-top elementor-card-shadow-yes elementor-posts__hover-gradient elementor-widget elementor-widget-posts\" data-id=\"28de2da\" data-element_type=\"widget\" data-e-type=\"widget\" data-settings=\"{&quot;cards_columns&quot;:&quot;3&quot;,&quot;cards_columns_tablet&quot;:&quot;2&quot;,&quot;cards_columns_mobile&quot;:&quot;1&quot;,&quot;cards_row_gap&quot;:{&quot;unit&quot;:&quot;px&quot;,&quot;size&quot;:35,&quot;sizes&quot;:[]},&quot;cards_row_gap_tablet&quot;:{&quot;unit&quot;:&quot;px&quot;,&quot;size&quot;:&quot;&quot;,&quot;sizes&quot;:[]},&quot;cards_row_gap_mobile&quot;:{&quot;unit&quot;:&quot;px&quot;,&quot;size&quot;:&quot;&quot;,&quot;sizes&quot;:[]}}\" data-widget_type=\"posts.cards\">\n\t\t\t\t<div class=\"elementor-widget-container\">\n\t\t\t\t\t\t\t<div class=\"elementor-posts-container elementor-posts elementor-posts--skin-cards elementor-grid\" role=\"list\">\n\t\t\t\t<article class=\"elementor-post elementor-grid-item post-3400 post type-post status-publish format-standard has-post-thumbnail hentry category-offers\" role=\"listitem\">\n\t\t\t<div class=\"elementor-post__card\">\n\t\t\t\t<a class=\"elementor-post__thumbnail__link\" href=\"https:\/\/hotelforraszalakaros.hu\/en\/offers\/spring-recreation-in-zalakaros\/\" tabindex=\"-1\" ><div class=\"elementor-post__thumbnail\"><img fetchpriority=\"high\" decoding=\"async\" width=\"1920\" height=\"1280\" src=\"https:\/\/hotelforraszalakaros.hu\/wp-content\/uploads\/2026\/02\/Tavaszi-kikapcsolodas.webp\" class=\"attachment-full size-full wp-image-3188\" alt=\"\" \/><\/div><\/a>\n\t\t\t\t<div class=\"elementor-post__text\">\n\t\t\t\t<h3 class=\"elementor-post__title\">\n\t\t\t<a href=\"https:\/\/hotelforraszalakaros.hu\/en\/offers\/spring-recreation-in-zalakaros\/\" >\n\t\t\t\tSpring recreation in Zalakaros\t\t\t<\/a>\n\t\t<\/h3>\n\t\t\t\t<\/div>\n\t\t\t\t\t<\/div>\n\t\t<\/article>\n\t\t\t\t<article class=\"elementor-post elementor-grid-item post-3410 post type-post status-publish format-standard has-post-thumbnail hentry category-offers\" role=\"listitem\">\n\t\t\t<div class=\"elementor-post__card\">\n\t\t\t\t<a class=\"elementor-post__thumbnail__link\" href=\"https:\/\/hotelforraszalakaros.hu\/en\/offers\/may-in-zalakaros\/\" tabindex=\"-1\" ><div class=\"elementor-post__thumbnail\"><img decoding=\"async\" width=\"1920\" height=\"1280\" src=\"https:\/\/hotelforraszalakaros.hu\/wp-content\/uploads\/2026\/02\/Majus1.webp\" class=\"attachment-full size-full wp-image-3215\" alt=\"\" \/><\/div><\/a>\n\t\t\t\t<div class=\"elementor-post__text\">\n\t\t\t\t<h3 class=\"elementor-post__title\">\n\t\t\t<a href=\"https:\/\/hotelforraszalakaros.hu\/en\/offers\/may-in-zalakaros\/\" >\n\t\t\t\tMay in Zalakaros!\t\t\t<\/a>\n\t\t<\/h3>\n\t\t\t\t<\/div>\n\t\t\t\t\t<\/div>\n\t\t<\/article>\n\t\t\t\t<article class=\"elementor-post elementor-grid-item post-3416 post type-post status-publish format-standard has-post-thumbnail hentry category-offers\" role=\"listitem\">\n\t\t\t<div class=\"elementor-post__card\">\n\t\t\t\t<a class=\"elementor-post__thumbnail__link\" href=\"https:\/\/hotelforraszalakaros.hu\/en\/offers\/pentecost-holiday-in-zalakaros\/\" tabindex=\"-1\" ><div class=\"elementor-post__thumbnail\"><img decoding=\"async\" width=\"1920\" height=\"1280\" src=\"https:\/\/hotelforraszalakaros.hu\/wp-content\/uploads\/2026\/02\/Punkosd.webp\" class=\"attachment-full size-full wp-image-3221\" alt=\"\" \/><\/div><\/a>\n\t\t\t\t<div class=\"elementor-post__text\">\n\t\t\t\t<h3 class=\"elementor-post__title\">\n\t\t\t<a href=\"https:\/\/hotelforraszalakaros.hu\/en\/offers\/pentecost-holiday-in-zalakaros\/\" >\n\t\t\t\tPentecost Holiday in Zalakaros\t\t\t<\/a>\n\t\t<\/h3>\n\t\t\t\t<\/div>\n\t\t\t\t\t<\/div>\n\t\t<\/article>\n\t\t\t\t<article class=\"elementor-post elementor-grid-item post-3423 post type-post status-publish format-standard has-post-thumbnail hentry category-offers\" role=\"listitem\">\n\t\t\t<div class=\"elementor-post__card\">\n\t\t\t\t<a class=\"elementor-post__thumbnail__link\" href=\"https:\/\/hotelforraszalakaros.hu\/en\/offers\/summer-starter-vacation-in-zalakaros\/\" tabindex=\"-1\" ><div class=\"elementor-post__thumbnail\"><img loading=\"lazy\" decoding=\"async\" width=\"1920\" height=\"1280\" src=\"https:\/\/hotelforraszalakaros.hu\/wp-content\/uploads\/2026\/02\/Nyarindito.webp\" class=\"attachment-full size-full wp-image-3218\" alt=\"\" \/><\/div><\/a>\n\t\t\t\t<div class=\"elementor-post__text\">\n\t\t\t\t<h3 class=\"elementor-post__title\">\n\t\t\t<a href=\"https:\/\/hotelforraszalakaros.hu\/en\/offers\/summer-starter-vacation-in-zalakaros\/\" >\n\t\t\t\tSummer starter vacation in Zalakaros!\t\t\t<\/a>\n\t\t<\/h3>\n\t\t\t\t<\/div>\n\t\t\t\t\t<\/div>\n\t\t<\/article>\n\t\t\t\t<article class=\"elementor-post elementor-grid-item post-3429 post type-post status-publish format-standard has-post-thumbnail hentry category-offers\" role=\"listitem\">\n\t\t\t<div class=\"elementor-post__card\">\n\t\t\t\t<a class=\"elementor-post__thumbnail__link\" href=\"https:\/\/hotelforraszalakaros.hu\/en\/offers\/hello-summer\/\" tabindex=\"-1\" ><div class=\"elementor-post__thumbnail\"><img loading=\"lazy\" decoding=\"async\" width=\"1920\" height=\"1280\" src=\"https:\/\/hotelforraszalakaros.hu\/wp-content\/uploads\/2026\/02\/Nyar.webp\" class=\"attachment-full size-full wp-image-3273\" alt=\"\" \/><\/div><\/a>\n\t\t\t\t<div class=\"elementor-post__text\">\n\t\t\t\t<h3 class=\"elementor-post__title\">\n\t\t\t<a href=\"https:\/\/hotelforraszalakaros.hu\/en\/offers\/hello-summer\/\" >\n\t\t\t\tHello Summer\t\t\t<\/a>\n\t\t<\/h3>\n\t\t\t\t<\/div>\n\t\t\t\t\t<\/div>\n\t\t<\/article>\n\t\t\t\t<article class=\"elementor-post elementor-grid-item post-3435 post type-post status-publish format-standard has-post-thumbnail hentry category-offers\" role=\"listitem\">\n\t\t\t<div class=\"elementor-post__card\">\n\t\t\t\t<a class=\"elementor-post__thumbnail__link\" href=\"https:\/\/hotelforraszalakaros.hu\/en\/offers\/autumn-greetings-rest-in-zalakaros\/\" tabindex=\"-1\" ><div class=\"elementor-post__thumbnail\"><img loading=\"lazy\" decoding=\"async\" width=\"1920\" height=\"1280\" src=\"https:\/\/hotelforraszalakaros.hu\/wp-content\/uploads\/2026\/02\/osz.webp\" class=\"attachment-full size-full wp-image-3276\" alt=\"\" \/><\/div><\/a>\n\t\t\t\t<div class=\"elementor-post__text\">\n\t\t\t\t<h3 class=\"elementor-post__title\">\n\t\t\t<a href=\"https:\/\/hotelforraszalakaros.hu\/en\/offers\/autumn-greetings-rest-in-zalakaros\/\" >\n\t\t\t\tAutumn Greetings Rest in Zalakaros!\t\t\t<\/a>\n\t\t<\/h3>\n\t\t\t\t<\/div>\n\t\t\t\t\t<\/div>\n\t\t<\/article>\n\t\t\t\t<\/div>\n\t\t\n\t\t\t\t\t\t<\/div>\n\t\t\t\t<\/div>\n\t\t\t\t<\/div>\n\t\t<div id=\"e-n-tab-content-1144191042\" role=\"tabpanel\" aria-labelledby=\"e-n-tab-title-1144191042\" data-tab-index=\"2\" style=\"--n-tabs-title-order: 2;\" class=\" elementor-element elementor-element-e735fbd e-con-full e-flex e-con e-child\" data-id=\"e735fbd\" data-element_type=\"container\" data-e-type=\"container\">\n\t\t\t\t<div class=\"elementor-element elementor-element-ff492cf elementor-posts--align-center elementor-grid-3 elementor-grid-tablet-2 elementor-grid-mobile-1 elementor-posts--thumbnail-top elementor-card-shadow-yes elementor-posts__hover-gradient elementor-widget elementor-widget-posts\" data-id=\"ff492cf\" data-element_type=\"widget\" data-e-type=\"widget\" data-settings=\"{&quot;cards_columns&quot;:&quot;3&quot;,&quot;cards_columns_tablet&quot;:&quot;2&quot;,&quot;cards_columns_mobile&quot;:&quot;1&quot;,&quot;cards_row_gap&quot;:{&quot;unit&quot;:&quot;px&quot;,&quot;size&quot;:35,&quot;sizes&quot;:[]},&quot;cards_row_gap_tablet&quot;:{&quot;unit&quot;:&quot;px&quot;,&quot;size&quot;:&quot;&quot;,&quot;sizes&quot;:[]},&quot;cards_row_gap_mobile&quot;:{&quot;unit&quot;:&quot;px&quot;,&quot;size&quot;:&quot;&quot;,&quot;sizes&quot;:[]}}\" data-widget_type=\"posts.cards\">\n\t\t\t\t<div class=\"elementor-widget-container\">\n\t\t\t\t\t\t\t<div class=\"elementor-posts-container elementor-posts elementor-posts--skin-cards elementor-grid\" role=\"list\">\n\t\t\t\t<article class=\"elementor-post elementor-grid-item post-3407 post type-post status-publish format-standard has-post-thumbnail hentry category-bathticket\" role=\"listitem\">\n\t\t\t<div class=\"elementor-post__card\">\n\t\t\t\t<a class=\"elementor-post__thumbnail__link\" href=\"https:\/\/hotelforraszalakaros.hu\/en\/bathticket\/spring-recreation-in-zalakaros-with-unlimited-entry-to-the-zalakaros-spa\/\" tabindex=\"-1\" ><div class=\"elementor-post__thumbnail\"><img fetchpriority=\"high\" decoding=\"async\" width=\"1920\" height=\"1280\" src=\"https:\/\/hotelforraszalakaros.hu\/wp-content\/uploads\/2026\/02\/Tavaszi-kikapcsolodas.webp\" class=\"attachment-full size-full wp-image-3188\" alt=\"\" \/><\/div><\/a>\n\t\t\t\t<div class=\"elementor-post__text\">\n\t\t\t\t<h3 class=\"elementor-post__title\">\n\t\t\t<a href=\"https:\/\/hotelforraszalakaros.hu\/en\/bathticket\/spring-recreation-in-zalakaros-with-unlimited-entry-to-the-zalakaros-spa\/\" >\n\t\t\t\tSpring recreation in Zalakaros with unlimited entry to the Zalakaros Spa!\t\t\t<\/a>\n\t\t<\/h3>\n\t\t\t\t<\/div>\n\t\t\t\t\t<\/div>\n\t\t<\/article>\n\t\t\t\t<article class=\"elementor-post elementor-grid-item post-3413 post type-post status-publish format-standard has-post-thumbnail hentry category-bathticket\" role=\"listitem\">\n\t\t\t<div class=\"elementor-post__card\">\n\t\t\t\t<a class=\"elementor-post__thumbnail__link\" href=\"https:\/\/hotelforraszalakaros.hu\/en\/bathticket\/may-in-zalakaros-with-unlimited-entry-to-the-zalakaros-spa\/\" tabindex=\"-1\" ><div class=\"elementor-post__thumbnail\"><img decoding=\"async\" width=\"1920\" height=\"1280\" src=\"https:\/\/hotelforraszalakaros.hu\/wp-content\/uploads\/2026\/02\/Majus1.webp\" class=\"attachment-full size-full wp-image-3215\" alt=\"\" \/><\/div><\/a>\n\t\t\t\t<div class=\"elementor-post__text\">\n\t\t\t\t<h3 class=\"elementor-post__title\">\n\t\t\t<a href=\"https:\/\/hotelforraszalakaros.hu\/en\/bathticket\/may-in-zalakaros-with-unlimited-entry-to-the-zalakaros-spa\/\" >\n\t\t\t\tMay in Zalakaros with unlimited entry to the Zalakaros Spa!\t\t\t<\/a>\n\t\t<\/h3>\n\t\t\t\t<\/div>\n\t\t\t\t\t<\/div>\n\t\t<\/article>\n\t\t\t\t<article class=\"elementor-post elementor-grid-item post-3419 post type-post status-publish format-standard has-post-thumbnail hentry category-bathticket\" role=\"listitem\">\n\t\t\t<div class=\"elementor-post__card\">\n\t\t\t\t<a class=\"elementor-post__thumbnail__link\" href=\"https:\/\/hotelforraszalakaros.hu\/en\/bathticket\/pentecost-holiday-in-zalakaros-with-unlimited-entry-to-the-zalakaros-spa\/\" tabindex=\"-1\" ><div class=\"elementor-post__thumbnail\"><img decoding=\"async\" width=\"1920\" height=\"1280\" src=\"https:\/\/hotelforraszalakaros.hu\/wp-content\/uploads\/2026\/02\/Punkosd.webp\" class=\"attachment-full size-full wp-image-3221\" alt=\"\" \/><\/div><\/a>\n\t\t\t\t<div class=\"elementor-post__text\">\n\t\t\t\t<h3 class=\"elementor-post__title\">\n\t\t\t<a href=\"https:\/\/hotelforraszalakaros.hu\/en\/bathticket\/pentecost-holiday-in-zalakaros-with-unlimited-entry-to-the-zalakaros-spa\/\" >\n\t\t\t\tPentecost Holiday in Zalakaros with unlimited entry to the Zalakaros Spa!\t\t\t<\/a>\n\t\t<\/h3>\n\t\t\t\t<\/div>\n\t\t\t\t\t<\/div>\n\t\t<\/article>\n\t\t\t\t<article class=\"elementor-post elementor-grid-item post-3426 post type-post status-publish format-standard has-post-thumbnail hentry category-bathticket\" role=\"listitem\">\n\t\t\t<div class=\"elementor-post__card\">\n\t\t\t\t<a class=\"elementor-post__thumbnail__link\" href=\"https:\/\/hotelforraszalakaros.hu\/en\/bathticket\/summer-starter-vacation-in-zalakaros-with-unlimited-entry-to-the-zalakaros-spa\/\" tabindex=\"-1\" ><div class=\"elementor-post__thumbnail\"><img loading=\"lazy\" decoding=\"async\" width=\"1920\" height=\"1280\" src=\"https:\/\/hotelforraszalakaros.hu\/wp-content\/uploads\/2026\/02\/Nyarindito.webp\" class=\"attachment-full size-full wp-image-3218\" alt=\"\" \/><\/div><\/a>\n\t\t\t\t<div class=\"elementor-post__text\">\n\t\t\t\t<h3 class=\"elementor-post__title\">\n\t\t\t<a href=\"https:\/\/hotelforraszalakaros.hu\/en\/bathticket\/summer-starter-vacation-in-zalakaros-with-unlimited-entry-to-the-zalakaros-spa\/\" >\n\t\t\t\tSummer starter vacation in Zalakaros with unlimited entry to the Zalakaros Spa!\t\t\t<\/a>\n\t\t<\/h3>\n\t\t\t\t<\/div>\n\t\t\t\t\t<\/div>\n\t\t<\/article>\n\t\t\t\t<article class=\"elementor-post elementor-grid-item post-3432 post type-post status-publish format-standard has-post-thumbnail hentry category-bathticket\" role=\"listitem\">\n\t\t\t<div class=\"elementor-post__card\">\n\t\t\t\t<a class=\"elementor-post__thumbnail__link\" href=\"https:\/\/hotelforraszalakaros.hu\/en\/bathticket\/hello-summer-in-zalakaros-with-unlimited-entry-to-the-zalakaros-spa\/\" tabindex=\"-1\" ><div class=\"elementor-post__thumbnail\"><img loading=\"lazy\" decoding=\"async\" width=\"1920\" height=\"1280\" src=\"https:\/\/hotelforraszalakaros.hu\/wp-content\/uploads\/2026\/02\/Nyar.webp\" class=\"attachment-full size-full wp-image-3273\" alt=\"\" \/><\/div><\/a>\n\t\t\t\t<div class=\"elementor-post__text\">\n\t\t\t\t<h3 class=\"elementor-post__title\">\n\t\t\t<a href=\"https:\/\/hotelforraszalakaros.hu\/en\/bathticket\/hello-summer-in-zalakaros-with-unlimited-entry-to-the-zalakaros-spa\/\" >\n\t\t\t\tHello Summer in Zalakaros with unlimited entry to the Zalakaros Spa!\t\t\t<\/a>\n\t\t<\/h3>\n\t\t\t\t<\/div>\n\t\t\t\t\t<\/div>\n\t\t<\/article>\n\t\t\t\t<article class=\"elementor-post elementor-grid-item post-3438 post type-post status-publish format-standard has-post-thumbnail hentry category-bathticket\" role=\"listitem\">\n\t\t\t<div class=\"elementor-post__card\">\n\t\t\t\t<a class=\"elementor-post__thumbnail__link\" href=\"https:\/\/hotelforraszalakaros.hu\/en\/bathticket\/autumn-greetings-rest-in-zalakaros-with-unlimited-entry-to-the-zalakaros-spa\/\" tabindex=\"-1\" ><div class=\"elementor-post__thumbnail\"><img loading=\"lazy\" decoding=\"async\" width=\"1920\" height=\"1280\" src=\"https:\/\/hotelforraszalakaros.hu\/wp-content\/uploads\/2026\/02\/osz.webp\" class=\"attachment-full size-full wp-image-3276\" alt=\"\" \/><\/div><\/a>\n\t\t\t\t<div class=\"elementor-post__text\">\n\t\t\t\t<h3 class=\"elementor-post__title\">\n\t\t\t<a href=\"https:\/\/hotelforraszalakaros.hu\/en\/bathticket\/autumn-greetings-rest-in-zalakaros-with-unlimited-entry-to-the-zalakaros-spa\/\" >\n\t\t\t\tAutumn Greetings Rest in Zalakaros with unlimited entry to the Zalakaros Spa!\t\t\t<\/a>\n\t\t<\/h3>\n\t\t\t\t<\/div>\n\t\t\t\t\t<\/div>\n\t\t<\/article>\n\t\t\t\t<\/div>\n\t\t\n\t\t\t\t\t\t<\/div>\n\t\t\t\t<\/div>\n\t\t\t\t<\/div>\n\t\t\t\t\t<\/div>\n\t\t<\/div>\n\t\t\t\t\t\t<\/div>\n\t\t\t\t<\/div>\n\t\t\t\t<div class=\"elementor-element elementor-element-b187c07 elementor-widget elementor-widget-spacer\" data-id=\"b187c07\" data-element_type=\"widget\" data-e-type=\"widget\" data-widget_type=\"spacer.default\">\n\t\t\t\t<div class=\"elementor-widget-container\">\n\t\t\t\t\t\t\t<div class=\"elementor-spacer\">\n\t\t\t<div class=\"elementor-spacer-inner\"><\/div>\n\t\t<\/div>\n\t\t\t\t\t\t<\/div>\n\t\t\t\t<\/div>\n\t\t\t\t\t<\/div>\n\t\t\t\t<\/div>\n\t\t\t\t<\/div>\n\t\t","protected":false},"excerpt":{"rendered":"<p>Discounted offers Package offers Package offers with spa entrance Senior csomagaj\u00e1nlat! Tavaszk\u00f6sz\u00f6nt\u0151 pihen\u00e9s Zalakaroson! Tavaszi felt\u00f6lt\u0151d\u00e9s Zalakaroson! Tavaszi sz\u00fcnet Zalakaroson! H\u00fasv\u00e9ti pihen\u00e9s Zalakaroson! Zalakarosi Maj\u00e1lis!<\/p>\n","protected":false},"author":1,"featured_media":0,"parent":0,"menu_order":0,"comment_status":"closed","ping_status":"closed","template":"","meta":{"inline_featured_image":false,"footnotes":""},"class_list":["post-1130","page","type-page","status-publish","hentry"],"_links":{"self":[{"href":"https:\/\/hotelforraszalakaros.hu\/en\/wp-json\/wp\/v2\/pages\/1130","targetHints":{"allow":["GET"]}}],"collection":[{"href":"https:\/\/hotelforraszalakaros.hu\/en\/wp-json\/wp\/v2\/pages"}],"about":[{"href":"https:\/\/hotelforraszalakaros.hu\/en\/wp-json\/wp\/v2\/types\/page"}],"author":[{"embeddable":true,"href":"https:\/\/hotelforraszalakaros.hu\/en\/wp-json\/wp\/v2\/users\/1"}],"replies":[{"embeddable":true,"href":"https:\/\/hotelforraszalakaros.hu\/en\/wp-json\/wp\/v2\/comments?post=1130"}],"version-history":[{"count":16,"href":"https:\/\/hotelforraszalakaros.hu\/en\/wp-json\/wp\/v2\/pages\/1130\/revisions"}],"predecessor-version":[{"id":3422,"href":"https:\/\/hotelforraszalakaros.hu\/en\/wp-json\/wp\/v2\/pages\/1130\/revisions\/3422"}],"wp:attachment":[{"href":"https:\/\/hotelforraszalakaros.hu\/en\/wp-json\/wp\/v2\/media?parent=1130"}],"curies":[{"name":"wp","href":"https:\/\/api.w.org\/{rel}","templated":true}]}}