{"id":1132,"date":"2024-12-07T09:13:39","date_gmt":"2024-12-07T09:13:39","guid":{"rendered":"https:\/\/objective-germain.79-139-57-126.plesk.page\/angebote\/"},"modified":"2026-02-11T15:46:37","modified_gmt":"2026-02-11T15:46:37","slug":"angebote","status":"publish","type":"page","link":"https:\/\/hotelforraszalakaros.hu\/de\/angebote\/","title":{"rendered":"Angebote"},"content":{"rendered":"\t\t<div data-elementor-type=\"wp-page\" data-elementor-id=\"1132\" class=\"elementor elementor-1132 elementor-26\" data-elementor-post-type=\"page\">\n\t\t\t\t<div class=\"elementor-element elementor-element-4b6ce41 e-flex e-con-boxed e-con e-parent\" data-id=\"4b6ce41\" data-element_type=\"container\" data-e-type=\"container\">\n\t\t\t\t\t<div class=\"e-con-inner\">\n\t\t\t\t<div class=\"elementor-element elementor-element-3a5e9c8 elementor-widget elementor-widget-spacer\" data-id=\"3a5e9c8\" data-element_type=\"widget\" data-e-type=\"widget\" data-widget_type=\"spacer.default\">\n\t\t\t\t<div class=\"elementor-widget-container\">\n\t\t\t\t\t\t\t<div class=\"elementor-spacer\">\n\t\t\t<div class=\"elementor-spacer-inner\"><\/div>\n\t\t<\/div>\n\t\t\t\t\t\t<\/div>\n\t\t\t\t<\/div>\n\t\t\t\t<div class=\"elementor-element elementor-element-c77f7fc elementor-widget elementor-widget-heading\" data-id=\"c77f7fc\" data-element_type=\"widget\" data-e-type=\"widget\" data-widget_type=\"heading.default\">\n\t\t\t\t<div class=\"elementor-widget-container\">\n\t\t\t\t\t<h2 class=\"elementor-heading-title elementor-size-default\">Discount-Angebote<\/h2>\t\t\t\t<\/div>\n\t\t\t\t<\/div>\n\t\t\t\t<div class=\"elementor-element elementor-element-a8f5181 elementor-widget elementor-widget-spacer\" data-id=\"a8f5181\" data-element_type=\"widget\" data-e-type=\"widget\" data-widget_type=\"spacer.default\">\n\t\t\t\t<div class=\"elementor-widget-container\">\n\t\t\t\t\t\t\t<div class=\"elementor-spacer\">\n\t\t\t<div class=\"elementor-spacer-inner\"><\/div>\n\t\t<\/div>\n\t\t\t\t\t\t<\/div>\n\t\t\t\t<\/div>\n\t\t\t\t\t<\/div>\n\t\t\t\t<\/div>\n\t\t<div class=\"elementor-element elementor-element-a11d005 e-flex e-con-boxed e-con e-parent\" data-id=\"a11d005\" data-element_type=\"container\" data-e-type=\"container\">\n\t\t\t\t\t<div class=\"e-con-inner\">\n\t\t\t\t<div class=\"elementor-element elementor-element-6d1e5a0 e-n-tabs-mobile elementor-widget elementor-widget-n-tabs\" data-id=\"6d1e5a0\" data-element_type=\"widget\" data-e-type=\"widget\" data-settings=\"{&quot;horizontal_scroll&quot;:&quot;disable&quot;}\" data-widget_type=\"nested-tabs.default\">\n\t\t\t\t<div class=\"elementor-widget-container\">\n\t\t\t\t\t\t\t<div class=\"e-n-tabs\" data-widget-number=\"114419104\" aria-label=\"Tabs. Open items with Enter or Space, close with Escape and navigate using the Arrow keys.\">\n\t\t\t<div class=\"e-n-tabs-heading\" role=\"tablist\">\n\t\t\t\t\t<button id=\"e-n-tab-title-1144191041\" data-tab-title-id=\"e-n-tab-title-1144191041\" class=\"e-n-tab-title\" aria-selected=\"true\" data-tab-index=\"1\" role=\"tab\" tabindex=\"0\" aria-controls=\"e-n-tab-content-1144191041\" style=\"--n-tabs-title-order: 1;\">\n\t\t\t\t\t\t<span class=\"e-n-tab-title-text\">\n\t\t\t\tPaketangebote\t\t\t<\/span>\n\t\t<\/button>\n\t\t\t\t<button id=\"e-n-tab-title-1144191042\" data-tab-title-id=\"e-n-tab-title-1144191042\" class=\"e-n-tab-title\" aria-selected=\"false\" data-tab-index=\"2\" role=\"tab\" tabindex=\"-1\" aria-controls=\"e-n-tab-content-1144191042\" style=\"--n-tabs-title-order: 2;\">\n\t\t\t\t\t\t<span class=\"e-n-tab-title-text\">\n\t\t\t\tPauschalangebote mit Spa-Eintritt\t\t\t<\/span>\n\t\t<\/button>\n\t\t\t\t\t<\/div>\n\t\t\t<div class=\"e-n-tabs-content\">\n\t\t\t\t<div id=\"e-n-tab-content-1144191041\" role=\"tabpanel\" aria-labelledby=\"e-n-tab-title-1144191041\" data-tab-index=\"1\" style=\"--n-tabs-title-order: 1;\" class=\"e-active elementor-element elementor-element-866fdf9 e-con-full e-flex e-con e-child\" data-id=\"866fdf9\" data-element_type=\"container\" data-e-type=\"container\">\n\t\t\t\t<\/div>\n\t\t<div id=\"e-n-tab-content-1144191042\" role=\"tabpanel\" aria-labelledby=\"e-n-tab-title-1144191042\" data-tab-index=\"2\" style=\"--n-tabs-title-order: 2;\" class=\" elementor-element elementor-element-e735fbd e-con-full e-flex e-con e-child\" data-id=\"e735fbd\" data-element_type=\"container\" data-e-type=\"container\">\n\t\t\t\t<\/div>\n\t\t\t\t\t<\/div>\n\t\t<\/div>\n\t\t\t\t\t\t<\/div>\n\t\t\t\t<\/div>\n\t\t\t\t<div class=\"elementor-element elementor-element-b187c07 elementor-widget elementor-widget-spacer\" data-id=\"b187c07\" data-element_type=\"widget\" data-e-type=\"widget\" data-widget_type=\"spacer.default\">\n\t\t\t\t<div class=\"elementor-widget-container\">\n\t\t\t\t\t\t\t<div class=\"elementor-spacer\">\n\t\t\t<div class=\"elementor-spacer-inner\"><\/div>\n\t\t<\/div>\n\t\t\t\t\t\t<\/div>\n\t\t\t\t<\/div>\n\t\t\t\t\t<\/div>\n\t\t\t\t<\/div>\n\t\t\t\t<\/div>\n\t\t","protected":false},"excerpt":{"rendered":"<p>Discount-Angebote Paketangebote Pauschalangebote mit Spa-Eintritt Senior csomagaj\u00e1nlat! T\u00e9li pihen\u00e9s Zalakaroson! T\u00e9li felt\u00f6lt\u0151d\u00e9s Zalakaroson! Tavaszk\u00f6sz\u00f6nt\u0151 pihen\u00e9s Zalakaroson! Tavaszi felt\u00f6lt\u0151d\u00e9s Zalakaroson! Tavaszi sz\u00fcnet Zalakaroson! H\u00fasv\u00e9ti pihen\u00e9s Zalakaroson! Zalakarosi Maj\u00e1lis! P\u00fcnk\u00f6sdi hossz\u00fah\u00e9tv\u00e9ge Zalakaroson! Ny\u00e1rind\u00edt\u00f3 pihen\u00e9s Zalakaroson! Forr\u00f3 Zalakarosi ny\u00e1r! \u0150szk\u00f6sz\u00f6nt\u0151 Pihen\u00e9s Zalakaroson! T\u00e9li pihen\u00e9s Zalakaroson korl\u00e1tlan bel\u00e9p\u0151vel a Zalakarosi F\u00fcrd\u0151be! Tavaszk\u00f6sz\u00f6nt\u0151 pihen\u00e9s Zalakaroson korl\u00e1tlan bel\u00e9p\u0151vel a Zalakarosi F\u00fcrd\u0151be! [&hellip;]<\/p>\n","protected":false},"author":1,"featured_media":0,"parent":0,"menu_order":0,"comment_status":"closed","ping_status":"closed","template":"","meta":{"inline_featured_image":false,"footnotes":""},"class_list":["post-1132","page","type-page","status-publish","hentry"],"_links":{"self":[{"href":"https:\/\/hotelforraszalakaros.hu\/de\/wp-json\/wp\/v2\/pages\/1132","targetHints":{"allow":["GET"]}}],"collection":[{"href":"https:\/\/hotelforraszalakaros.hu\/de\/wp-json\/wp\/v2\/pages"}],"about":[{"href":"https:\/\/hotelforraszalakaros.hu\/de\/wp-json\/wp\/v2\/types\/page"}],"author":[{"embeddable":true,"href":"https:\/\/hotelforraszalakaros.hu\/de\/wp-json\/wp\/v2\/users\/1"}],"replies":[{"embeddable":true,"href":"https:\/\/hotelforraszalakaros.hu\/de\/wp-json\/wp\/v2\/comments?post=1132"}],"version-history":[{"count":13,"href":"https:\/\/hotelforraszalakaros.hu\/de\/wp-json\/wp\/v2\/pages\/1132\/revisions"}],"predecessor-version":[{"id":3321,"href":"https:\/\/hotelforraszalakaros.hu\/de\/wp-json\/wp\/v2\/pages\/1132\/revisions\/3321"}],"wp:attachment":[{"href":"https:\/\/hotelforraszalakaros.hu\/de\/wp-json\/wp\/v2\/media?parent=1132"}],"curies":[{"name":"wp","href":"https:\/\/api.w.org\/{rel}","templated":true}]}}