{"id":1113,"date":"2024-12-10T13:15:10","date_gmt":"2024-12-10T13:15:10","guid":{"rendered":"https:\/\/objective-germain.79-139-57-126.plesk.page\/anmeldeinformationen\/"},"modified":"2024-12-28T18:27:59","modified_gmt":"2024-12-28T18:27:59","slug":"anmeldeinformationen","status":"publish","type":"page","link":"https:\/\/hotelforraszalakaros.hu\/de\/kontakt\/anmeldeinformationen\/","title":{"rendered":"Anmeldeinformationen"},"content":{"rendered":"\t\t<div data-elementor-type=\"wp-page\" data-elementor-id=\"1113\" class=\"elementor elementor-1113 elementor-379\" data-elementor-post-type=\"page\">\n\t\t\t\t<div class=\"elementor-element elementor-element-b9ac496 e-flex e-con-boxed e-con e-parent\" data-id=\"b9ac496\" data-element_type=\"container\" data-e-type=\"container\">\n\t\t\t\t\t<div class=\"e-con-inner\">\n\t\t\t\t<div class=\"elementor-element elementor-element-8a7be02 elementor-widget elementor-widget-spacer\" data-id=\"8a7be02\" data-element_type=\"widget\" data-e-type=\"widget\" data-widget_type=\"spacer.default\">\n\t\t\t\t<div class=\"elementor-widget-container\">\n\t\t\t\t\t\t\t<div class=\"elementor-spacer\">\n\t\t\t<div class=\"elementor-spacer-inner\"><\/div>\n\t\t<\/div>\n\t\t\t\t\t\t<\/div>\n\t\t\t\t<\/div>\n\t\t\t\t<div class=\"elementor-element elementor-element-1cc6aa6 elementor-widget elementor-widget-heading\" data-id=\"1cc6aa6\" data-element_type=\"widget\" data-e-type=\"widget\" data-widget_type=\"heading.default\">\n\t\t\t\t<div class=\"elementor-widget-container\">\n\t\t\t\t\t<h2 class=\"elementor-heading-title elementor-size-default\">Anmeldeinformationen<\/h2>\t\t\t\t<\/div>\n\t\t\t\t<\/div>\n\t\t\t\t<div class=\"elementor-element elementor-element-1540af5 elementor-widget elementor-widget-text-editor\" data-id=\"1540af5\" data-element_type=\"widget\" data-e-type=\"widget\" data-widget_type=\"text-editor.default\">\n\t\t\t\t<div class=\"elementor-widget-container\">\n\t\t\t\t\t\t\t\t\t<p><strong>Liebe G\u00e4ste,<\/strong><\/p>\n<p>Nach den in Ungarn geltenden Gesetzen m\u00fcssen alle B\u00fcrger, unabh\u00e4ngig von ihrem Alter, einen amtlichen Personalausweis (Personalausweis, Reisepass oder F\u00fchrerschein im Kartenformat) besitzen, d.h. auch Neugeborene.<\/p>\n<p>Laut Gesetz ist die Aufzeichnung von Daten f\u00fcr alle G\u00e4ste, die sie nutzen, gleicherma\u00dfen obligatorisch, so dass weder das Alter noch andere Variablen \u2013 z. B. die f\u00fcr die Dienstleistung zu zahlende Geb\u00fchr, Rabatte, Aufenthaltsdauer, Beziehung zum Beherbergungsbetrieb \u2013 von der Aufzeichnung abgesehen werden k\u00f6nnen, wenn keine offizielle Karte vorhanden ist, verweigert das Hotel den Check-in.<\/p>\n<p><strong>Nach der Gesetzes\u00e4nderung sind Kinder unter 14 Jahren weiterhin von der Vorlage eines Ausweisdokuments in der Unterkunft befreit, aber die Angabe ihrer Daten ist obligatorisch.<\/strong><\/p>\n<p>Der Beherbergungsbetrieb erfasst bei der Abfertigung der Person, die Unterkunftsleistungen beantragt, mit Hilfe des Dokumentenscanners die folgenden Daten \u00fcber die Unterkunftsverwaltungssoftware des durch den Regierungserlass bestimmten Beherbergungsbetriebs.<\/p>\n<ul>\n<li>Familienname und Vorname;<\/li>\n<li>Familienname und Vorname bei der Geburt;<\/li>\n<li>Ort und Datum der Geburt;<\/li>\n<li>Geschlecht;<\/li>\n<li>Nationalit\u00e4t;<\/li>\n<li>M\u00e4dchenname und Familienname der Mutter;<\/li>\n<li>Identifizierung des pers\u00f6nlich identifizierbaren Dokuments oder Reisedokuments.<\/li>\n<\/ul>\n\t\t\t\t\t\t\t\t<\/div>\n\t\t\t\t<\/div>\n\t\t\t\t\t<\/div>\n\t\t\t\t<\/div>\n\t\t\t\t<\/div>\n\t\t","protected":false},"excerpt":{"rendered":"<p>Liebe G\u00e4ste, Nach den in Ungarn geltenden Gesetzen m\u00fcssen alle B\u00fcrger, unabh\u00e4ngig von ihrem Alter, einen amtlichen Personalausweis (Personalausweis, Reisepass oder F\u00fchrerschein im Kartenformat) besitzen, d.h. auch Neugeborene. Laut Gesetz ist die Aufzeichnung von Daten f\u00fcr alle G\u00e4ste, die sie nutzen, gleicherma\u00dfen obligatorisch, so dass weder das Alter noch andere Variablen \u2013 z. B. die [&hellip;]<\/p>\n","protected":false},"author":1,"featured_media":0,"parent":1187,"menu_order":0,"comment_status":"closed","ping_status":"closed","template":"elementor_header_footer","meta":{"inline_featured_image":false,"footnotes":""},"class_list":["post-1113","page","type-page","status-publish","hentry"],"_links":{"self":[{"href":"https:\/\/hotelforraszalakaros.hu\/de\/wp-json\/wp\/v2\/pages\/1113","targetHints":{"allow":["GET"]}}],"collection":[{"href":"https:\/\/hotelforraszalakaros.hu\/de\/wp-json\/wp\/v2\/pages"}],"about":[{"href":"https:\/\/hotelforraszalakaros.hu\/de\/wp-json\/wp\/v2\/types\/page"}],"author":[{"embeddable":true,"href":"https:\/\/hotelforraszalakaros.hu\/de\/wp-json\/wp\/v2\/users\/1"}],"replies":[{"embeddable":true,"href":"https:\/\/hotelforraszalakaros.hu\/de\/wp-json\/wp\/v2\/comments?post=1113"}],"version-history":[{"count":1,"href":"https:\/\/hotelforraszalakaros.hu\/de\/wp-json\/wp\/v2\/pages\/1113\/revisions"}],"predecessor-version":[{"id":1114,"href":"https:\/\/hotelforraszalakaros.hu\/de\/wp-json\/wp\/v2\/pages\/1113\/revisions\/1114"}],"up":[{"embeddable":true,"href":"https:\/\/hotelforraszalakaros.hu\/de\/wp-json\/wp\/v2\/pages\/1187"}],"wp:attachment":[{"href":"https:\/\/hotelforraszalakaros.hu\/de\/wp-json\/wp\/v2\/media?parent=1113"}],"curies":[{"name":"wp","href":"https:\/\/api.w.org\/{rel}","templated":true}]}}