{"id":1100,"date":"2024-12-10T12:37:47","date_gmt":"2024-12-10T12:37:47","guid":{"rendered":"https:\/\/objective-germain.79-139-57-126.plesk.page\/home\/zimmer\/classic-apartment\/"},"modified":"2025-01-06T11:37:50","modified_gmt":"2025-01-06T11:37:50","slug":"classic-apartment","status":"publish","type":"page","link":"https:\/\/hotelforraszalakaros.hu\/de\/home\/zimmer\/classic-apartment\/","title":{"rendered":"Classic Apartment"},"content":{"rendered":"\t\t<div data-elementor-type=\"wp-page\" data-elementor-id=\"1100\" class=\"elementor elementor-1100 elementor-342\" data-elementor-post-type=\"page\">\n\t\t\t\t<div class=\"elementor-element elementor-element-9fa05d5 e-flex e-con-boxed e-con e-parent\" data-id=\"9fa05d5\" data-element_type=\"container\" data-e-type=\"container\" data-settings=\"{&quot;background_background&quot;:&quot;classic&quot;}\">\n\t\t\t\t\t<div class=\"e-con-inner\">\n\t\t\t\t\t<\/div>\n\t\t\t\t<\/div>\n\t\t<div class=\"elementor-element elementor-element-5aa6bbf e-flex e-con-boxed e-con e-parent\" data-id=\"5aa6bbf\" data-element_type=\"container\" data-e-type=\"container\">\n\t\t\t\t\t<div class=\"e-con-inner\">\n\t\t\t\t<div class=\"elementor-element elementor-element-eb127c4 elementor-widget elementor-widget-spacer\" data-id=\"eb127c4\" data-element_type=\"widget\" data-e-type=\"widget\" data-widget_type=\"spacer.default\">\n\t\t\t\t<div class=\"elementor-widget-container\">\n\t\t\t\t\t\t\t<div class=\"elementor-spacer\">\n\t\t\t<div class=\"elementor-spacer-inner\"><\/div>\n\t\t<\/div>\n\t\t\t\t\t\t<\/div>\n\t\t\t\t<\/div>\n\t\t\t\t<div class=\"elementor-element elementor-element-9b80c12 elementor-widget elementor-widget-heading\" data-id=\"9b80c12\" data-element_type=\"widget\" data-e-type=\"widget\" data-widget_type=\"heading.default\">\n\t\t\t\t<div class=\"elementor-widget-container\">\n\t\t\t\t\t<h2 class=\"elementor-heading-title elementor-size-default\">Classic Apartment<\/h2>\t\t\t\t<\/div>\n\t\t\t\t<\/div>\n\t\t\t\t\t<\/div>\n\t\t\t\t<\/div>\n\t\t<div class=\"elementor-element elementor-element-38543bf e-flex e-con-boxed e-con e-parent\" data-id=\"38543bf\" data-element_type=\"container\" data-e-type=\"container\">\n\t\t\t\t\t<div class=\"e-con-inner\">\n\t\t<div class=\"elementor-element elementor-element-b6b64da e-con-full e-flex e-con e-child\" data-id=\"b6b64da\" data-element_type=\"container\" data-e-type=\"container\">\n\t\t\t\t<div class=\"elementor-element elementor-element-22993e6 elementor-widget elementor-widget-text-editor\" data-id=\"22993e6\" data-element_type=\"widget\" data-e-type=\"widget\" data-widget_type=\"text-editor.default\">\n\t\t\t\t<div class=\"elementor-widget-container\">\n\t\t\t\t\t\t\t\t\t<p><strong>Ausstattung der Zimmer<\/strong><\/p>\n<ul>\n<li>Franz\u00f6sisches Bett und ausziehbares Couch<\/li>\n<li>Dusche \/ Badewanne<\/li>\n<li>WC<\/li>\n<li>Handtuch<\/li>\n<li>Fernseher<\/li>\n<li>WIFI<\/li>\n<\/ul>\n<p><strong>Zus\u00e4tzliche Informationen:<\/strong><\/p>\n<ul>\n<li>einr\u00e4umig oder mit Verbindungst\u00fcren<\/li>\n<li>Befindet sich im 1. und 3. Stock<\/li>\n<li>Die Zimmer sind klimatisiert!<\/li>\n<li>Bettgr\u00f6\u00dfe: 2x 90&#215;210 cm, 1x 140*200<\/li>\n<li>Dieses Zimmer kann je nach Verf\u00fcgbarkeit auf Anfrage mit einem Zustellbett ausgestattet werden.<\/li>\n<\/ul>\n\t\t\t\t\t\t\t\t<\/div>\n\t\t\t\t<\/div>\n\t\t\t\t<\/div>\n\t\t<div class=\"elementor-element elementor-element-b628e47 e-con-full e-flex e-con e-child\" data-id=\"b628e47\" data-element_type=\"container\" data-e-type=\"container\">\n\t\t<div class=\"elementor-element elementor-element-6380013 e-con-full e-flex e-con e-child\" data-id=\"6380013\" data-element_type=\"container\" data-e-type=\"container\">\n\t\t<div class=\"elementor-element elementor-element-c240ee4 e-con-full e-flex e-con e-child\" data-id=\"c240ee4\" data-element_type=\"container\" data-e-type=\"container\">\n\t\t\t\t<div class=\"elementor-element elementor-element-06a1c62 elementor-view-default elementor-widget elementor-widget-icon\" data-id=\"06a1c62\" data-element_type=\"widget\" data-e-type=\"widget\" data-widget_type=\"icon.default\">\n\t\t\t\t<div class=\"elementor-widget-container\">\n\t\t\t\t\t\t\t<div class=\"elementor-icon-wrapper\">\n\t\t\t<div class=\"elementor-icon\">\n\t\t\t<svg aria-hidden=\"true\" class=\"e-font-icon-svg e-fas-arrows-alt\" viewBox=\"0 0 512 512\" xmlns=\"http:\/\/www.w3.org\/2000\/svg\"><path d=\"M352.201 425.775l-79.196 79.196c-9.373 9.373-24.568 9.373-33.941 0l-79.196-79.196c-15.119-15.119-4.411-40.971 16.971-40.97h51.162L228 284H127.196v51.162c0 21.382-25.851 32.09-40.971 16.971L7.029 272.937c-9.373-9.373-9.373-24.569 0-33.941L86.225 159.8c15.119-15.119 40.971-4.411 40.971 16.971V228H228V127.196h-51.23c-21.382 0-32.09-25.851-16.971-40.971l79.196-79.196c9.373-9.373 24.568-9.373 33.941 0l79.196 79.196c15.119 15.119 4.411 40.971-16.971 40.971h-51.162V228h100.804v-51.162c0-21.382 25.851-32.09 40.97-16.971l79.196 79.196c9.373 9.373 9.373 24.569 0 33.941L425.773 352.2c-15.119 15.119-40.971 4.411-40.97-16.971V284H284v100.804h51.23c21.382 0 32.09 25.851 16.971 40.971z\"><\/path><\/svg>\t\t\t<\/div>\n\t\t<\/div>\n\t\t\t\t\t\t<\/div>\n\t\t\t\t<\/div>\n\t\t\t\t<div class=\"elementor-element elementor-element-bc601cf elementor-widget elementor-widget-text-editor\" data-id=\"bc601cf\" data-element_type=\"widget\" data-e-type=\"widget\" data-widget_type=\"text-editor.default\">\n\t\t\t\t<div class=\"elementor-widget-container\">\n\t\t\t\t\t\t\t\t\t<p>Gr\u00f6\u00dfe der Zimmer: 30 m<sup>2<\/sup><\/p>\n\t\t\t\t\t\t\t\t<\/div>\n\t\t\t\t<\/div>\n\t\t\t\t<\/div>\n\t\t<div class=\"elementor-element elementor-element-17d2395 e-con-full e-flex e-con e-child\" data-id=\"17d2395\" data-element_type=\"container\" data-e-type=\"container\">\n\t\t\t\t<div class=\"elementor-element elementor-element-ec63828 elementor-view-default elementor-widget elementor-widget-icon\" data-id=\"ec63828\" data-element_type=\"widget\" data-e-type=\"widget\" data-widget_type=\"icon.default\">\n\t\t\t\t<div class=\"elementor-widget-container\">\n\t\t\t\t\t\t\t<div class=\"elementor-icon-wrapper\">\n\t\t\t<div class=\"elementor-icon\">\n\t\t\t<svg aria-hidden=\"true\" class=\"e-font-icon-svg e-fas-user\" viewBox=\"0 0 448 512\" xmlns=\"http:\/\/www.w3.org\/2000\/svg\"><path d=\"M224 256c70.7 0 128-57.3 128-128S294.7 0 224 0 96 57.3 96 128s57.3 128 128 128zm89.6 32h-16.7c-22.2 10.2-46.9 16-72.9 16s-50.6-5.8-72.9-16h-16.7C60.2 288 0 348.2 0 422.4V464c0 26.5 21.5 48 48 48h352c26.5 0 48-21.5 48-48v-41.6c0-74.2-60.2-134.4-134.4-134.4z\"><\/path><\/svg>\t\t\t<\/div>\n\t\t<\/div>\n\t\t\t\t\t\t<\/div>\n\t\t\t\t<\/div>\n\t\t\t\t<div class=\"elementor-element elementor-element-18ac77c elementor-widget elementor-widget-text-editor\" data-id=\"18ac77c\" data-element_type=\"widget\" data-e-type=\"widget\" data-widget_type=\"text-editor.default\">\n\t\t\t\t<div class=\"elementor-widget-container\">\n\t\t\t\t\t\t\t\t\t<p>Anzahl der Pl\u00e4tze: 4<\/p>\n\t\t\t\t\t\t\t\t<\/div>\n\t\t\t\t<\/div>\n\t\t\t\t<\/div>\n\t\t<div class=\"elementor-element elementor-element-961088c e-con-full e-flex e-con e-child\" data-id=\"961088c\" data-element_type=\"container\" data-e-type=\"container\">\n\t\t\t\t<div class=\"elementor-element elementor-element-3ba0816 elementor-view-default elementor-widget elementor-widget-icon\" data-id=\"3ba0816\" data-element_type=\"widget\" data-e-type=\"widget\" data-widget_type=\"icon.default\">\n\t\t\t\t<div class=\"elementor-widget-container\">\n\t\t\t\t\t\t\t<div class=\"elementor-icon-wrapper\">\n\t\t\t<div class=\"elementor-icon\">\n\t\t\t<svg aria-hidden=\"true\" class=\"e-font-icon-svg e-fas-bed\" viewBox=\"0 0 640 512\" xmlns=\"http:\/\/www.w3.org\/2000\/svg\"><path d=\"M176 256c44.11 0 80-35.89 80-80s-35.89-80-80-80-80 35.89-80 80 35.89 80 80 80zm352-128H304c-8.84 0-16 7.16-16 16v144H64V80c0-8.84-7.16-16-16-16H16C7.16 64 0 71.16 0 80v352c0 8.84 7.16 16 16 16h32c8.84 0 16-7.16 16-16v-48h512v48c0 8.84 7.16 16 16 16h32c8.84 0 16-7.16 16-16V240c0-61.86-50.14-112-112-112z\"><\/path><\/svg>\t\t\t<\/div>\n\t\t<\/div>\n\t\t\t\t\t\t<\/div>\n\t\t\t\t<\/div>\n\t\t\t\t<div class=\"elementor-element elementor-element-5058aff elementor-widget elementor-widget-text-editor\" data-id=\"5058aff\" data-element_type=\"widget\" data-e-type=\"widget\" data-widget_type=\"text-editor.default\">\n\t\t\t\t<div class=\"elementor-widget-container\">\n\t\t\t\t\t\t\t\t\t<p>mit Zusatzbett<\/p>\n\t\t\t\t\t\t\t\t<\/div>\n\t\t\t\t<\/div>\n\t\t\t\t<\/div>\n\t\t\t\t<\/div>\n\t\t\t\t<div class=\"elementor-element elementor-element-713cea1 elementor-widget elementor-widget-spacer\" data-id=\"713cea1\" data-element_type=\"widget\" data-e-type=\"widget\" data-widget_type=\"spacer.default\">\n\t\t\t\t<div class=\"elementor-widget-container\">\n\t\t\t\t\t\t\t<div class=\"elementor-spacer\">\n\t\t\t<div class=\"elementor-spacer-inner\"><\/div>\n\t\t<\/div>\n\t\t\t\t\t\t<\/div>\n\t\t\t\t<\/div>\n\t\t\t\t<div class=\"elementor-element elementor-element-4b1c354 elementor-widget elementor-widget-gallery\" data-id=\"4b1c354\" data-element_type=\"widget\" data-e-type=\"widget\" data-settings=\"{&quot;lazyload&quot;:&quot;yes&quot;,&quot;gallery_layout&quot;:&quot;grid&quot;,&quot;columns&quot;:4,&quot;columns_tablet&quot;:2,&quot;columns_mobile&quot;:1,&quot;gap&quot;:{&quot;unit&quot;:&quot;px&quot;,&quot;size&quot;:10,&quot;sizes&quot;:[]},&quot;gap_tablet&quot;:{&quot;unit&quot;:&quot;px&quot;,&quot;size&quot;:10,&quot;sizes&quot;:[]},&quot;gap_mobile&quot;:{&quot;unit&quot;:&quot;px&quot;,&quot;size&quot;:10,&quot;sizes&quot;:[]},&quot;link_to&quot;:&quot;file&quot;,&quot;aspect_ratio&quot;:&quot;3:2&quot;,&quot;overlay_background&quot;:&quot;yes&quot;,&quot;content_hover_animation&quot;:&quot;fade-in&quot;}\" data-widget_type=\"gallery.default\">\n\t\t\t\t<div class=\"elementor-widget-container\">\n\t\t\t\t\t\t\t<div class=\"elementor-gallery__container\">\n\t\t\t\t\t\t\t<a class=\"e-gallery-item elementor-gallery-item elementor-animated-content\" href=\"https:\/\/hotelforraszalakaros.hu\/wp-content\/uploads\/2024\/12\/Hotel-Forras-Zalakaros-Classic-Apartman-Classic-Apartment-1.jpg\" data-elementor-open-lightbox=\"yes\" data-elementor-lightbox-slideshow=\"4b1c354\" data-elementor-lightbox-title=\"Hotel Forr\u00e1s Zalakaros- Classic Apartman, Classic Apartment 1\" data-e-action-hash=\"#elementor-action%3Aaction%3Dlightbox%26settings%3DeyJpZCI6OTc2LCJ1cmwiOiJodHRwczpcL1wvaG90ZWxmb3JyYXN6YWxha2Fyb3MuaHVcL3dwLWNvbnRlbnRcL3VwbG9hZHNcLzIwMjRcLzEyXC9Ib3RlbC1Gb3JyYXMtWmFsYWthcm9zLUNsYXNzaWMtQXBhcnRtYW4tQ2xhc3NpYy1BcGFydG1lbnQtMS5qcGciLCJzbGlkZXNob3ciOiI0YjFjMzU0In0%3D\">\n\t\t\t\t\t<div class=\"e-gallery-image elementor-gallery-item__image\" data-thumbnail=\"https:\/\/hotelforraszalakaros.hu\/wp-content\/uploads\/2024\/12\/Hotel-Forras-Zalakaros-Classic-Apartman-Classic-Apartment-1-300x200.jpg\" data-width=\"300\" data-height=\"200\" aria-label=\"\" role=\"img\" ><\/div>\n\t\t\t\t\t\t\t\t\t\t\t<div class=\"elementor-gallery-item__overlay\"><\/div>\n\t\t\t\t\t\t\t\t\t\t\t\t\t\t<\/a>\n\t\t\t\t\t\t\t<a class=\"e-gallery-item elementor-gallery-item elementor-animated-content\" href=\"https:\/\/hotelforraszalakaros.hu\/wp-content\/uploads\/2024\/12\/Hotel-Forras-Zalakaros-Classic-Apartman-Classic-Apartment-2.jpg\" data-elementor-open-lightbox=\"yes\" data-elementor-lightbox-slideshow=\"4b1c354\" data-elementor-lightbox-title=\"Hotel Forr\u00e1s Zalakaros- Classic Apartman, Classic Apartment 2\" data-e-action-hash=\"#elementor-action%3Aaction%3Dlightbox%26settings%3DeyJpZCI6OTc4LCJ1cmwiOiJodHRwczpcL1wvaG90ZWxmb3JyYXN6YWxha2Fyb3MuaHVcL3dwLWNvbnRlbnRcL3VwbG9hZHNcLzIwMjRcLzEyXC9Ib3RlbC1Gb3JyYXMtWmFsYWthcm9zLUNsYXNzaWMtQXBhcnRtYW4tQ2xhc3NpYy1BcGFydG1lbnQtMi5qcGciLCJzbGlkZXNob3ciOiI0YjFjMzU0In0%3D\">\n\t\t\t\t\t<div class=\"e-gallery-image elementor-gallery-item__image\" data-thumbnail=\"https:\/\/hotelforraszalakaros.hu\/wp-content\/uploads\/2024\/12\/Hotel-Forras-Zalakaros-Classic-Apartman-Classic-Apartment-2-300x200.jpg\" data-width=\"300\" data-height=\"200\" aria-label=\"\" role=\"img\" ><\/div>\n\t\t\t\t\t\t\t\t\t\t\t<div class=\"elementor-gallery-item__overlay\"><\/div>\n\t\t\t\t\t\t\t\t\t\t\t\t\t\t<\/a>\n\t\t\t\t\t\t\t<a class=\"e-gallery-item elementor-gallery-item elementor-animated-content\" href=\"https:\/\/hotelforraszalakaros.hu\/wp-content\/uploads\/2024\/12\/Hotel-Forras-Zalakaros-Classic-Apartman-Classic-Apartment-3.jpg\" data-elementor-open-lightbox=\"yes\" data-elementor-lightbox-slideshow=\"4b1c354\" data-elementor-lightbox-title=\"Hotel Forr\u00e1s Zalakaros- Classic Apartman, Classic Apartment 3\" data-e-action-hash=\"#elementor-action%3Aaction%3Dlightbox%26settings%3DeyJpZCI6OTgwLCJ1cmwiOiJodHRwczpcL1wvaG90ZWxmb3JyYXN6YWxha2Fyb3MuaHVcL3dwLWNvbnRlbnRcL3VwbG9hZHNcLzIwMjRcLzEyXC9Ib3RlbC1Gb3JyYXMtWmFsYWthcm9zLUNsYXNzaWMtQXBhcnRtYW4tQ2xhc3NpYy1BcGFydG1lbnQtMy5qcGciLCJzbGlkZXNob3ciOiI0YjFjMzU0In0%3D\">\n\t\t\t\t\t<div class=\"e-gallery-image elementor-gallery-item__image\" data-thumbnail=\"https:\/\/hotelforraszalakaros.hu\/wp-content\/uploads\/2024\/12\/Hotel-Forras-Zalakaros-Classic-Apartman-Classic-Apartment-3-300x200.jpg\" data-width=\"300\" data-height=\"200\" aria-label=\"\" role=\"img\" ><\/div>\n\t\t\t\t\t\t\t\t\t\t\t<div class=\"elementor-gallery-item__overlay\"><\/div>\n\t\t\t\t\t\t\t\t\t\t\t\t\t\t<\/a>\n\t\t\t\t\t\t\t<a class=\"e-gallery-item elementor-gallery-item elementor-animated-content\" href=\"https:\/\/hotelforraszalakaros.hu\/wp-content\/uploads\/2024\/12\/Hotel-Forras-Zalakaros-Classic-Apartman-Classic-Apartment-4.jpg\" data-elementor-open-lightbox=\"yes\" data-elementor-lightbox-slideshow=\"4b1c354\" data-elementor-lightbox-title=\"Hotel Forr\u00e1s Zalakaros- Classic Apartman, Classic Apartment 4\" data-e-action-hash=\"#elementor-action%3Aaction%3Dlightbox%26settings%3DeyJpZCI6OTgyLCJ1cmwiOiJodHRwczpcL1wvaG90ZWxmb3JyYXN6YWxha2Fyb3MuaHVcL3dwLWNvbnRlbnRcL3VwbG9hZHNcLzIwMjRcLzEyXC9Ib3RlbC1Gb3JyYXMtWmFsYWthcm9zLUNsYXNzaWMtQXBhcnRtYW4tQ2xhc3NpYy1BcGFydG1lbnQtNC5qcGciLCJzbGlkZXNob3ciOiI0YjFjMzU0In0%3D\">\n\t\t\t\t\t<div class=\"e-gallery-image elementor-gallery-item__image\" data-thumbnail=\"https:\/\/hotelforraszalakaros.hu\/wp-content\/uploads\/2024\/12\/Hotel-Forras-Zalakaros-Classic-Apartman-Classic-Apartment-4-300x200.jpg\" data-width=\"300\" data-height=\"200\" aria-label=\"\" role=\"img\" ><\/div>\n\t\t\t\t\t\t\t\t\t\t\t<div class=\"elementor-gallery-item__overlay\"><\/div>\n\t\t\t\t\t\t\t\t\t\t\t\t\t\t<\/a>\n\t\t\t\t\t\t\t<a class=\"e-gallery-item elementor-gallery-item elementor-animated-content\" href=\"https:\/\/hotelforraszalakaros.hu\/wp-content\/uploads\/2024\/12\/Hotel-Forras-Zalakaros-Classic-Apartman-Classic-Apartment-5.jpg\" data-elementor-open-lightbox=\"yes\" data-elementor-lightbox-slideshow=\"4b1c354\" data-elementor-lightbox-title=\"Hotel Forr\u00e1s Zalakaros- Classic Apartman, Classic Apartment 5\" data-e-action-hash=\"#elementor-action%3Aaction%3Dlightbox%26settings%3DeyJpZCI6OTg0LCJ1cmwiOiJodHRwczpcL1wvaG90ZWxmb3JyYXN6YWxha2Fyb3MuaHVcL3dwLWNvbnRlbnRcL3VwbG9hZHNcLzIwMjRcLzEyXC9Ib3RlbC1Gb3JyYXMtWmFsYWthcm9zLUNsYXNzaWMtQXBhcnRtYW4tQ2xhc3NpYy1BcGFydG1lbnQtNS5qcGciLCJzbGlkZXNob3ciOiI0YjFjMzU0In0%3D\">\n\t\t\t\t\t<div class=\"e-gallery-image elementor-gallery-item__image\" data-thumbnail=\"https:\/\/hotelforraszalakaros.hu\/wp-content\/uploads\/2024\/12\/Hotel-Forras-Zalakaros-Classic-Apartman-Classic-Apartment-5-300x200.jpg\" data-width=\"300\" data-height=\"200\" aria-label=\"\" role=\"img\" ><\/div>\n\t\t\t\t\t\t\t\t\t\t\t<div class=\"elementor-gallery-item__overlay\"><\/div>\n\t\t\t\t\t\t\t\t\t\t\t\t\t\t<\/a>\n\t\t\t\t\t\t\t<a class=\"e-gallery-item elementor-gallery-item elementor-animated-content\" href=\"https:\/\/hotelforraszalakaros.hu\/wp-content\/uploads\/2024\/12\/Hotel-Forras-Zalakaros-Classic-Apartman-Classic-Apartment-6.jpg\" data-elementor-open-lightbox=\"yes\" data-elementor-lightbox-slideshow=\"4b1c354\" data-elementor-lightbox-title=\"Hotel Forr\u00e1s Zalakaros- Classic Apartman, Classic Apartment 6\" data-e-action-hash=\"#elementor-action%3Aaction%3Dlightbox%26settings%3DeyJpZCI6OTg2LCJ1cmwiOiJodHRwczpcL1wvaG90ZWxmb3JyYXN6YWxha2Fyb3MuaHVcL3dwLWNvbnRlbnRcL3VwbG9hZHNcLzIwMjRcLzEyXC9Ib3RlbC1Gb3JyYXMtWmFsYWthcm9zLUNsYXNzaWMtQXBhcnRtYW4tQ2xhc3NpYy1BcGFydG1lbnQtNi5qcGciLCJzbGlkZXNob3ciOiI0YjFjMzU0In0%3D\">\n\t\t\t\t\t<div class=\"e-gallery-image elementor-gallery-item__image\" data-thumbnail=\"https:\/\/hotelforraszalakaros.hu\/wp-content\/uploads\/2024\/12\/Hotel-Forras-Zalakaros-Classic-Apartman-Classic-Apartment-6-300x200.jpg\" data-width=\"300\" data-height=\"200\" aria-label=\"\" role=\"img\" ><\/div>\n\t\t\t\t\t\t\t\t\t\t\t<div class=\"elementor-gallery-item__overlay\"><\/div>\n\t\t\t\t\t\t\t\t\t\t\t\t\t\t<\/a>\n\t\t\t\t\t\t\t<a class=\"e-gallery-item elementor-gallery-item elementor-animated-content\" href=\"https:\/\/hotelforraszalakaros.hu\/wp-content\/uploads\/2024\/12\/Hotel-Forras-Zalakaros-Classic-Apartman-Classic-Apartment-7-scaled.jpg\" data-elementor-open-lightbox=\"yes\" data-elementor-lightbox-slideshow=\"4b1c354\" data-elementor-lightbox-title=\"Hotel Forr\u00e1s Zalakaros- Classic Apartman, Classic Apartment 7\" data-e-action-hash=\"#elementor-action%3Aaction%3Dlightbox%26settings%3DeyJpZCI6OTg4LCJ1cmwiOiJodHRwczpcL1wvaG90ZWxmb3JyYXN6YWxha2Fyb3MuaHVcL3dwLWNvbnRlbnRcL3VwbG9hZHNcLzIwMjRcLzEyXC9Ib3RlbC1Gb3JyYXMtWmFsYWthcm9zLUNsYXNzaWMtQXBhcnRtYW4tQ2xhc3NpYy1BcGFydG1lbnQtNy1zY2FsZWQuanBnIiwic2xpZGVzaG93IjoiNGIxYzM1NCJ9\">\n\t\t\t\t\t<div class=\"e-gallery-image elementor-gallery-item__image\" data-thumbnail=\"https:\/\/hotelforraszalakaros.hu\/wp-content\/uploads\/2024\/12\/Hotel-Forras-Zalakaros-Classic-Apartman-Classic-Apartment-7-200x300.jpg\" data-width=\"200\" data-height=\"300\" aria-label=\"\" role=\"img\" ><\/div>\n\t\t\t\t\t\t\t\t\t\t\t<div class=\"elementor-gallery-item__overlay\"><\/div>\n\t\t\t\t\t\t\t\t\t\t\t\t\t\t<\/a>\n\t\t\t\t\t<\/div>\n\t\t\t\t\t<\/div>\n\t\t\t\t<\/div>\n\t\t\t\t<\/div>\n\t\t\t\t\t<\/div>\n\t\t\t\t<\/div>\n\t\t<div class=\"elementor-element elementor-element-f053b14 e-flex e-con-boxed e-con e-parent\" data-id=\"f053b14\" data-element_type=\"container\" data-e-type=\"container\">\n\t\t\t\t\t<div class=\"e-con-inner\">\n\t\t\t\t<div class=\"elementor-element elementor-element-1b0b59d elementor-widget elementor-widget-spacer\" data-id=\"1b0b59d\" data-element_type=\"widget\" data-e-type=\"widget\" data-widget_type=\"spacer.default\">\n\t\t\t\t<div class=\"elementor-widget-container\">\n\t\t\t\t\t\t\t<div class=\"elementor-spacer\">\n\t\t\t<div class=\"elementor-spacer-inner\"><\/div>\n\t\t<\/div>\n\t\t\t\t\t\t<\/div>\n\t\t\t\t<\/div>\n\t\t\t\t\t<\/div>\n\t\t\t\t<\/div>\n\t\t<div class=\"elementor-element elementor-element-dc4fbef e-flex e-con-boxed e-con e-parent\" data-id=\"dc4fbef\" data-element_type=\"container\" data-e-type=\"container\">\n\t\t\t\t\t<div class=\"e-con-inner\">\n\t\t<div class=\"elementor-element elementor-element-6b5cce9 e-con-full e-flex e-con e-child\" data-id=\"6b5cce9\" data-element_type=\"container\" data-e-type=\"container\">\n\t\t<div class=\"elementor-element elementor-element-dee3bf1 e-con-full e-flex e-con e-child\" data-id=\"dee3bf1\" data-element_type=\"container\" data-e-type=\"container\">\n\t\t\t\t<div class=\"elementor-element elementor-element-121fd1e elementor-widget elementor-widget-button\" data-id=\"121fd1e\" data-element_type=\"widget\" data-e-type=\"widget\" data-widget_type=\"button.default\">\n\t\t\t\t<div class=\"elementor-widget-container\">\n\t\t\t\t\t\t\t\t\t<div class=\"elementor-button-wrapper\">\n\t\t\t\t\t<a class=\"elementor-button elementor-button-link elementor-size-sm\" href=\"https:\/\/hotelforraszalakaros.hu\/de\/buchung\/\">\n\t\t\t\t\t\t<span class=\"elementor-button-content-wrapper\">\n\t\t\t\t\t\t\t\t\t<span class=\"elementor-button-text\">Buchen Sie jetzt!<\/span>\n\t\t\t\t\t<\/span>\n\t\t\t\t\t<\/a>\n\t\t\t\t<\/div>\n\t\t\t\t\t\t\t\t<\/div>\n\t\t\t\t<\/div>\n\t\t\t\t<div class=\"elementor-element elementor-element-5f7d952 elementor-widget elementor-widget-button\" data-id=\"5f7d952\" data-element_type=\"widget\" data-e-type=\"widget\" data-widget_type=\"button.default\">\n\t\t\t\t<div class=\"elementor-widget-container\">\n\t\t\t\t\t\t\t\t\t<div class=\"elementor-button-wrapper\">\n\t\t\t\t\t<a class=\"elementor-button elementor-button-link elementor-size-sm\" href=\"https:\/\/hotelforraszalakaros.hu\/de\/anfrage\/\">\n\t\t\t\t\t\t<span class=\"elementor-button-content-wrapper\">\n\t\t\t\t\t\t\t\t\t<span class=\"elementor-button-text\">Bitte machen Sie ein Angebot<\/span>\n\t\t\t\t\t<\/span>\n\t\t\t\t\t<\/a>\n\t\t\t\t<\/div>\n\t\t\t\t\t\t\t\t<\/div>\n\t\t\t\t<\/div>\n\t\t\t\t<\/div>\n\t\t\t\t<\/div>\n\t\t\t\t\t<\/div>\n\t\t\t\t<\/div>\n\t\t\t\t<\/div>\n\t\t","protected":false},"excerpt":{"rendered":"<p>Ausstattung der Zimmer Franz\u00f6sisches Bett und ausziehbares Couch Dusche \/ Badewanne WC Handtuch Fernseher WIFI Zus\u00e4tzliche Informationen: einr\u00e4umig oder mit Verbindungst\u00fcren Befindet sich im 1. und 3. Stock Die Zimmer sind klimatisiert! Bettgr\u00f6\u00dfe: 2x 90&#215;210 cm, 1x 140*200 Dieses Zimmer kann je nach Verf\u00fcgbarkeit auf Anfrage mit einem Zustellbett ausgestattet werden. Gr\u00f6\u00dfe der Zimmer: 30 [&hellip;]<\/p>\n","protected":false},"author":1,"featured_media":976,"parent":1086,"menu_order":0,"comment_status":"closed","ping_status":"closed","template":"elementor_header_footer","meta":{"inline_featured_image":false,"footnotes":""},"class_list":["post-1100","page","type-page","status-publish","has-post-thumbnail","hentry"],"_links":{"self":[{"href":"https:\/\/hotelforraszalakaros.hu\/de\/wp-json\/wp\/v2\/pages\/1100","targetHints":{"allow":["GET"]}}],"collection":[{"href":"https:\/\/hotelforraszalakaros.hu\/de\/wp-json\/wp\/v2\/pages"}],"about":[{"href":"https:\/\/hotelforraszalakaros.hu\/de\/wp-json\/wp\/v2\/types\/page"}],"author":[{"embeddable":true,"href":"https:\/\/hotelforraszalakaros.hu\/de\/wp-json\/wp\/v2\/users\/1"}],"replies":[{"embeddable":true,"href":"https:\/\/hotelforraszalakaros.hu\/de\/wp-json\/wp\/v2\/comments?post=1100"}],"version-history":[{"count":10,"href":"https:\/\/hotelforraszalakaros.hu\/de\/wp-json\/wp\/v2\/pages\/1100\/revisions"}],"predecessor-version":[{"id":1528,"href":"https:\/\/hotelforraszalakaros.hu\/de\/wp-json\/wp\/v2\/pages\/1100\/revisions\/1528"}],"up":[{"embeddable":true,"href":"https:\/\/hotelforraszalakaros.hu\/de\/wp-json\/wp\/v2\/pages\/1086"}],"wp:featuredmedia":[{"embeddable":true,"href":"https:\/\/hotelforraszalakaros.hu\/de\/wp-json\/wp\/v2\/media\/976"}],"wp:attachment":[{"href":"https:\/\/hotelforraszalakaros.hu\/de\/wp-json\/wp\/v2\/media?parent=1100"}],"curies":[{"name":"wp","href":"https:\/\/api.w.org\/{rel}","templated":true}]}}